{"id":29120,"date":"2025-10-30T07:16:39","date_gmt":"2025-10-30T07:16:39","guid":{"rendered":"https:\/\/www.kidoprotect.com\/politica-di-rimborso\/"},"modified":"2026-04-01T06:47:21","modified_gmt":"2026-04-01T06:47:21","slug":"politica-di-rimborso","status":"publish","type":"page","link":"https:\/\/www.kidoprotect.com\/it\/politica-di-rimborso\/","title":{"rendered":"Politica di rimborso"},"content":{"rendered":"\t\t<div data-elementor-type=\"wp-page\" data-elementor-id=\"29120\" class=\"elementor elementor-29120 elementor-28756\" data-elementor-post-type=\"page\">\n\t\t\t\t<div class=\"elementor-element elementor-element-e81a444 e-flex e-con-boxed e-con e-parent\" data-id=\"e81a444\" data-element_type=\"container\">\n\t\t\t\t\t<div class=\"e-con-inner\">\n\t\t\t\t<div class=\"elementor-element elementor-element-19d3002 elementor-widget elementor-widget-hub_fancy_heading\" data-id=\"19d3002\" data-element_type=\"widget\" data-widget_type=\"hub_fancy_heading.default\">\n\t\t\t\t<div class=\"elementor-widget-container\">\n\t\t\t\t\t\n\t\t<div id=\"ld-fancy-heading-69d770f1b683f\" class=\"ld-fancy-heading pos-rel\">\n\t\t\t<h1 class=\"ld-fh-element d-inline-block pos-rel  elementor-heading-title lqd-highlight-classic lqd-highlight-grow-left h1\"  > Politica di rimborso<\/h1>\t\t<\/div>\n\n\t\t\t\t\t\t<\/div>\n\t\t\t\t<\/div>\n\t\t\t\t\t<\/div>\n\t\t\t\t<\/div>\n\t\t<div class=\"elementor-element elementor-element-1456446 e-flex e-con-boxed e-con e-parent\" data-id=\"1456446\" data-element_type=\"container\">\n\t\t\t\t\t<div class=\"e-con-inner\">\n\t\t\t\t<div class=\"elementor-element elementor-element-625b669 elementor-widget elementor-widget-text-editor\" data-id=\"625b669\" data-element_type=\"widget\" data-widget_type=\"text-editor.default\">\n\t\t\t\t<div class=\"elementor-widget-container\">\n\t\t\t\t\t\t\t\t\t<p><span style=\"font-weight: 400;\">A <\/span><b>Kido Protect<\/b><span style=\"font-weight: 400;\">Ci impegniamo a fornire ai nostri utenti un&#8217;esperienza senza interruzioni. Ti invitiamo a leggere attentamente la nostra politica di rimborso prima di effettuare un acquisto. <\/span><\/p>\t\t\t\t\t\t\t\t<\/div>\n\t\t\t\t<\/div>\n\t\t\t\t<div class=\"elementor-element elementor-element-4c3e947 elementor-widget elementor-widget-heading\" data-id=\"4c3e947\" data-element_type=\"widget\" data-widget_type=\"heading.default\">\n\t\t\t\t<div class=\"elementor-widget-container\">\n\t\t\t\t\t<h2 class=\"elementor-heading-title elementor-size-default\">Idoneit\u00e0 al rimborso<\/h2>\t\t\t\t<\/div>\n\t\t\t\t<\/div>\n\t\t\t\t<div class=\"elementor-element elementor-element-d04ff1f elementor-widget elementor-widget-text-editor\" data-id=\"d04ff1f\" data-element_type=\"widget\" data-widget_type=\"text-editor.default\">\n\t\t\t\t<div class=\"elementor-widget-container\">\n\t\t\t\t\t\t\t\t\t<ul style=\"letter-spacing: 0.2px;\"><li><p><span style=\"font-weight: 400;\">I rimborsi saranno concessi <\/span><b>solo se<\/b><span style=\"font-weight: 400;\">:<\/span><\/p><ul><li style=\"font-weight: 400;\" aria-level=\"1\"><span style=\"font-weight: 400;\">L&#8217;utente contatta <\/span><b>Kido Protect Live Support<\/b><span style=\"font-weight: 400;\">e<\/span><span style=\"font-weight: 400;\"><br><br><\/span><\/li><li style=\"font-weight: 400;\" aria-level=\"1\"><span style=\"font-weight: 400;\">Il nostro team non \u00e8 <\/span><b>non \u00e8 in grado di installare o attivare l&#8217;applicazione<\/b><span style=\"font-weight: 400;\"> a causa di un <\/span><b>problema tecnico verificato causato da Kido Protect<\/b><span style=\"font-weight: 400;\">o<\/span><span style=\"font-weight: 400;\"><br><br><\/span><\/li><li style=\"font-weight: 400;\" aria-level=\"1\"><span style=\"font-weight: 400;\">L&#8217;utente ha segnalato un problema relativo all&#8217;applicazione e <\/span><b>il problema non \u00e8 stato risolto<\/b><span style=\"font-weight: 400;\"> dal nostro team di supporto.<\/span><span style=\"font-weight: 400;\"><br><br><\/span><\/li><\/ul><p><span style=\"font-weight: 400;\">I rimborsi <\/span><b>non saranno<\/b><span style=\"font-weight: 400;\"> non saranno forniti per preferenze personali, insoddisfazione o per qualsiasi motivo non legato a un problema tecnico verificato causato da Kido Protect.<\/span><\/p><\/li><\/ul>\t\t\t\t\t\t\t\t<\/div>\n\t\t\t\t<\/div>\n\t\t\t\t<div class=\"elementor-element elementor-element-0bb0982 elementor-widget elementor-widget-heading\" data-id=\"0bb0982\" data-element_type=\"widget\" data-widget_type=\"heading.default\">\n\t\t\t\t<div class=\"elementor-widget-container\">\n\t\t\t\t\t<h2 class=\"elementor-heading-title elementor-size-default\">Acquisti su Google Play Store<\/h2>\t\t\t\t<\/div>\n\t\t\t\t<\/div>\n\t\t\t\t<div class=\"elementor-element elementor-element-ca59be7 elementor-widget elementor-widget-text-editor\" data-id=\"ca59be7\" data-element_type=\"widget\" data-widget_type=\"text-editor.default\">\n\t\t\t\t<div class=\"elementor-widget-container\">\n\t\t\t\t\t\t\t\t\t<ul style=\"letter-spacing: 0.2px;\"><li style=\"font-weight: 400;\" aria-level=\"1\"><span style=\"font-weight: 400;\">Gli abbonamenti acquistati tramite il Google Play Store sono <\/span><b>gestiti da Google Play<\/b><span style=\"font-weight: 400;\">.<\/span><span style=\"font-weight: 400;\"><br><br><\/span><\/li><li style=\"font-weight: 400;\" aria-level=\"1\"><span style=\"font-weight: 400;\">Se la condizione di cui sopra \u00e8 soddisfatta, Kido Protect si coordiner\u00e0 con Google Play per elaborare il rimborso.<\/span><span style=\"font-weight: 400;\"><br><\/span><\/li><\/ul>\t\t\t\t\t\t\t\t<\/div>\n\t\t\t\t<\/div>\n\t\t\t\t<div class=\"elementor-element elementor-element-89506f2 elementor-widget elementor-widget-heading\" data-id=\"89506f2\" data-element_type=\"widget\" data-widget_type=\"heading.default\">\n\t\t\t\t<div class=\"elementor-widget-container\">\n\t\t\t\t\t<h2 class=\"elementor-heading-title elementor-size-default\">Acquisti con Stripe (pagamento diretto)<\/h2>\t\t\t\t<\/div>\n\t\t\t\t<\/div>\n\t\t\t\t<div class=\"elementor-element elementor-element-b955ca9 elementor-widget elementor-widget-text-editor\" data-id=\"b955ca9\" data-element_type=\"widget\" data-widget_type=\"text-editor.default\">\n\t\t\t\t<div class=\"elementor-widget-container\">\n\t\t\t\t\t\t\t\t\t<ul style=\"letter-spacing: 0.2px;\"><li style=\"font-weight: 400;\" aria-level=\"1\"><span style=\"font-weight: 400;\">Per gli abbonamenti acquistati direttamente tramite Stripe, Kido Protect elaborer\u00e0 i rimborsi <\/span><b>direttamente tramite Stripe<\/b><span style=\"font-weight: 400;\"> se la condizione di cui sopra \u00e8 soddisfatta.<\/span><\/li><\/ul>\t\t\t\t\t\t\t\t<\/div>\n\t\t\t\t<\/div>\n\t\t\t\t<div class=\"elementor-element elementor-element-db2d147 elementor-widget elementor-widget-heading\" data-id=\"db2d147\" data-element_type=\"widget\" data-widget_type=\"heading.default\">\n\t\t\t\t<div class=\"elementor-widget-container\">\n\t\t\t\t\t<h2 class=\"elementor-heading-title elementor-size-default\">Come richiedere un rimborso<\/h2>\t\t\t\t<\/div>\n\t\t\t\t<\/div>\n\t\t\t\t<div class=\"elementor-element elementor-element-93ba689 elementor-widget elementor-widget-text-editor\" data-id=\"93ba689\" data-element_type=\"widget\" data-widget_type=\"text-editor.default\">\n\t\t\t\t<div class=\"elementor-widget-container\">\n\t\t\t\t\t\t\t\t\t<ul style=\"letter-spacing: 0.2px;\"><li><p><span style=\"font-weight: 400;\">Per richiedere un rimborso, contatta <\/span><b>Kido Protect Live Support<\/b><span style=\"font-weight: 400;\"> all&#8217;indirizzo <\/span><b>support@kidoprotect.com<\/b><span style=\"font-weight: 400;\"> e fornire i seguenti dati:<\/span><\/p><ul><li style=\"font-weight: 400;\" aria-level=\"1\"><span style=\"font-weight: 400;\">Indirizzo e-mail registrato<\/span><span style=\"font-weight: 400;\"><br><br><\/span><\/li><li style=\"font-weight: 400;\" aria-level=\"1\"><span style=\"font-weight: 400;\">Data di acquisto<\/span><span style=\"font-weight: 400;\"><br><br><\/span><\/li><li style=\"font-weight: 400;\" aria-level=\"1\"><span style=\"font-weight: 400;\">Riferimento del pagamento\/ID della transazione<\/span><span style=\"font-weight: 400;\"><br><br><\/span><\/li><li style=\"font-weight: 400;\" aria-level=\"1\"><span style=\"font-weight: 400;\">Descrizione del problema<\/span><span style=\"font-weight: 400;\"><br><br><\/span><\/li><\/ul><p><span style=\"font-weight: 400;\">Il nostro team esaminer\u00e0 la tua richiesta e ti risponder\u00e0 entro <\/span><b>3-5 giorni lavorativi<\/b><span style=\"font-weight: 400;\">.<\/span><\/p><\/li><\/ul>\t\t\t\t\t\t\t\t<\/div>\n\t\t\t\t<\/div>\n\t\t\t\t<div class=\"elementor-element elementor-element-04a45d7 elementor-widget elementor-widget-heading\" data-id=\"04a45d7\" data-element_type=\"widget\" data-widget_type=\"heading.default\">\n\t\t\t\t<div class=\"elementor-widget-container\">\n\t\t\t\t\t<h2 class=\"elementor-heading-title elementor-size-default\">Informazioni di contatto<\/h2>\t\t\t\t<\/div>\n\t\t\t\t<\/div>\n\t\t\t\t<div class=\"elementor-element elementor-element-a507ead elementor-widget elementor-widget-text-editor\" data-id=\"a507ead\" data-element_type=\"widget\" data-widget_type=\"text-editor.default\">\n\t\t\t\t<div class=\"elementor-widget-container\">\n\t\t\t\t\t\t\t\t\t<ul>\n<li><b>Email:<\/b><span style=\"font-weight: 400;\"> support@kidoprotect.com<\/span><span style=\"font-weight: 400;\"><br><\/span><\/li>\n<li><b>Chat dal vivo:<\/b><span style=\"font-weight: 400;\"> www.kidoprotect.com<\/span><\/li>\n<\/ul>\t\t\t\t\t\t\t\t<\/div>\n\t\t\t\t<\/div>\n\t\t\t\t\t<\/div>\n\t\t\t\t<\/div>\n\t\t\t\t<\/div>\n\t\t","protected":false},"excerpt":{"rendered":"<p>Politica di rimborso A Kido ProtectCi impegniamo a fornire ai nostri utenti un&#8217;esperienza senza interruzioni. Ti invitiamo a leggere attentamente la nostra politica di rimborso prima di effettuare un acquisto. Idoneit\u00e0 al rimborso I rimborsi saranno concessi solo se: L&#8217;utente contatta Kido Protect Live Supporte Il nostro team non \u00e8 non \u00e8 in grado di [&hellip;]<\/p>\n","protected":false},"author":11,"featured_media":0,"parent":0,"menu_order":0,"comment_status":"closed","ping_status":"closed","template":"","meta":{"_monsterinsights_skip_tracking":false,"_monsterinsights_sitenote_active":false,"_monsterinsights_sitenote_note":"","_monsterinsights_sitenote_category":0,"footnotes":""},"class_list":["post-29120","page","type-page","status-publish","hentry"],"_links":{"self":[{"href":"https:\/\/www.kidoprotect.com\/it\/wp-json\/wp\/v2\/pages\/29120","targetHints":{"allow":["GET"]}}],"collection":[{"href":"https:\/\/www.kidoprotect.com\/it\/wp-json\/wp\/v2\/pages"}],"about":[{"href":"https:\/\/www.kidoprotect.com\/it\/wp-json\/wp\/v2\/types\/page"}],"author":[{"embeddable":true,"href":"https:\/\/www.kidoprotect.com\/it\/wp-json\/wp\/v2\/users\/11"}],"replies":[{"embeddable":true,"href":"https:\/\/www.kidoprotect.com\/it\/wp-json\/wp\/v2\/comments?post=29120"}],"version-history":[{"count":1,"href":"https:\/\/www.kidoprotect.com\/it\/wp-json\/wp\/v2\/pages\/29120\/revisions"}],"predecessor-version":[{"id":29121,"href":"https:\/\/www.kidoprotect.com\/it\/wp-json\/wp\/v2\/pages\/29120\/revisions\/29121"}],"wp:attachment":[{"href":"https:\/\/www.kidoprotect.com\/it\/wp-json\/wp\/v2\/media?parent=29120"}],"curies":[{"name":"wp","href":"https:\/\/api.w.org\/{rel}","templated":true}]}}