{"id":2054,"date":"2021-10-11T06:51:10","date_gmt":"2021-10-11T06:51:10","guid":{"rendered":"https:\/\/www.kidoprotect.com\/termini-e-condizioni\/"},"modified":"2024-12-12T10:12:44","modified_gmt":"2024-12-12T10:12:44","slug":"termini-e-condizioni","status":"publish","type":"page","link":"https:\/\/www.kidoprotect.com\/it\/termini-e-condizioni\/","title":{"rendered":"Termini e Condizioni"},"content":{"rendered":"\t\t<div data-elementor-type=\"wp-page\" data-elementor-id=\"2054\" class=\"elementor elementor-2054 elementor-23\" data-elementor-post-type=\"page\">\n\t\t\t\t<div class=\"elementor-element elementor-element-254f7ecc e-flex e-con-boxed e-con e-parent\" data-id=\"254f7ecc\" data-element_type=\"container\">\n\t\t\t\t\t<div class=\"e-con-inner\">\n\t\t\t\t<div class=\"elementor-element elementor-element-c493fae elementor-widget elementor-widget-hub_fancy_heading\" data-id=\"c493fae\" data-element_type=\"widget\" data-widget_type=\"hub_fancy_heading.default\">\n\t\t\t\t<div class=\"elementor-widget-container\">\n\t\t\t\t\t\n\t\t<div id=\"ld-fancy-heading-69f1cfb4b7adf\" class=\"ld-fancy-heading pos-rel\">\n\t\t\t<h2 class=\"ld-fh-element d-inline-block pos-rel  elementor-heading-title lqd-highlight-classic lqd-highlight-grow-left h2\"  > Condizioni d'uso di Kido Protect\n<\/h2>\t\t<\/div>\n\n\t\t\t\t\t\t<\/div>\n\t\t\t\t<\/div>\n\t\t\t\t\t<\/div>\n\t\t\t\t<\/div>\n\t\t<div class=\"elementor-element elementor-element-a8dda17 e-flex e-con-boxed e-con e-parent\" data-id=\"a8dda17\" data-element_type=\"container\">\n\t\t\t\t\t<div class=\"e-con-inner\">\n\t\t\t\t<div class=\"elementor-element elementor-element-41c362e elementor-widget elementor-widget-text-editor\" data-id=\"41c362e\" data-element_type=\"widget\" data-widget_type=\"text-editor.default\">\n\t\t\t\t<div class=\"elementor-widget-container\">\n\t\t\t\t\t\t\t\t\t<h5>Panoramica<\/h5>\n<p>Di seguito sono riportati i termini di utilizzo tra l&#8217;utente e Kido Protect. (&#8220;Kido Protect&#8221;, &#8220;Azienda&#8221;, &#8220;noi&#8221; o &#8220;ci&#8221;). I seguenti termini e condizioni, insieme a qualsiasi politica incorporata per riferimento (collettivamente, questi <strong>&#8220;Condizioni d&#8217;uso&#8221;<\/strong>), regolano l&#8217;accesso e l&#8217;utilizzo di  <a href=\"https:\/\/www.KidoProtect.com\/\" target=\"_blank\" rel=\"noopener\">www.KidoProtect.com<\/a>, tutti i suoi sottodomini e tutti gli altri siti web o di propriet\u00e0, gestiti o mantenuti da Kido Protect e dalle sue societ\u00e0 affiliate, compresi tutti i contenuti e le funzionalit\u00e0 offerte (collettivamente, i siti web di Kido Protect).  <strong>&#8220;Kido Protect&#8221;<\/strong>). Il termine &#8220;tu&#8221;, come utilizzato nelle presenti Condizioni d&#8217;uso, indica qualsiasi persona o entit\u00e0 che accede o utilizza Kido Protect.<\/p>\n<p>Accedendo o utilizzando Kido Protect, riconosci di aver letto, compreso e accettato di essere vincolato da questi termini e di rispettare tutte le leggi e i regolamenti applicabili. Se non accetti questi termini, ti preghiamo di non utilizzare Kido Protect. Kido Protect pu\u00f2, senza preavviso, in qualsiasi momento, rivedere le presenti Condizioni d&#8217;uso e qualsiasi altra informazione contenuta in Kido Protect. Kido Protect pu\u00f2 anche apportare miglioramenti o modifiche ai prodotti, servizi o altri contenuti visualizzati nel nostro sito Web in qualsiasi momento senza preavviso.<\/p>\n<p>A scanso di equivoci, il vostro utilizzo di qualsiasi prodotto o servizio che avete scelto di ricevere da Kido Protect, comprese le informazioni sull&#8217;account e la gestione dell&#8217;account, e tutti gli acquisti attraverso il nostro sito web o altre transazioni per la vendita di prodotti o servizi formate attraverso il sito web sono regolati dalle norme vigenti.  <strong>\n  <a href=\"https:\/\/www.kidoprotect.com\/terms-of-sale\/\">Condizioni di vendita<\/a>\n<\/strong>. Le presenti Condizioni d&#8217;uso si aggiungono a tali termini che potrebbero essere applicabili all&#8217;utente. Eventuali conflitti tra le presenti Condizioni d&#8217;uso e l&#8217;Accordo di licenza e servizi o le Condizioni di vendita saranno sostituiti e disciplinati rispettivamente dall&#8217;Accordo di licenza e servizi o dalle Condizioni di vendita o da altri termini applicabili (e unicamente se applicabili). Eventuali reclami e controversie derivanti dall&#8217;Accordo di licenza e servizi o dalle Condizioni di vendita saranno soggetti esclusivamente a tali termini e non alle presenti Condizioni d&#8217;uso.<\/p>\n<p><strong>AVVISO IMPORTANTE RELATIVO ALL&#8217;ARBITRATO PER I RESIDENTI NEGLI STATI UNITI: QUANDO L&#8217;UTENTE ACCETTA QUESTI TERMINI, ACCETTA DI RISOLVERE TUTTE LE CONTROVERSIE CON KIDO PROTECT E I SUOI AFFILIATI ATTRAVERSO TRIBUNALI PER PICCOLI RICORSI O ATTRAVERSO ARBITRATO SU BASE INDIVIDUALE PIUTTOSTO CHE PROCESSI CON GIURIA DI CLASSE. SI PREGA DI RIVEDERE LA SEZIONE 16 \u201cCONTESTAZIONI; ARBITRATO OBBLIGATORIO\u201d, PER I DETTAGLI IN MERITO ALL&#8217;ARBITRATO (COMPRESA LA PROCEDURA DI RINUNCIA ALL&#8217;ARBITRATO).<\/strong><\/p>\n<h5>1.La vostra privacy<\/h5>\n<p>La tua privacy \u00e8 importante per noi. Si prega di leggere l&#8217;Informativa sulla privacy di Kido Protect Global <a href=\"https:\/\/www.kidoprotect.com\/privacy-policy\">\n  <strong>https:\/\/www.kidoprotect.com\/privacy-policy<\/strong>\n<\/a> che descrive le modalit\u00e0 di raccolta, utilizzo, elaborazione e protezione dei dati dell&#8217;utente e dei suoi dispositivi durante l&#8217;utilizzo e l&#8217;accesso a Kido Protect.<\/p>\n<h5>2. Accordo continuativo<\/h5>\n<p>Potremmo modificare le Condizioni d&#8217;uso di volta in volta. Quando vengono apportate modifiche, ti informeremo rendendo disponibile la versione rivista su questa pagina Web e indicheremo nella parte superiore di questa pagina la data dell&#8217;ultima revisione. Dovresti rivedere regolarmente queste Condizioni d&#8217;uso poich\u00e9 le versioni riviste saranno vincolanti per te. <strong>Nella misura massima consentita da tutte le leggi, le regole, i regolamenti e i requisiti applicabili (collettivamente, &#8220;Leggi applicabili&#8221;), l&#8217;utente comprende e accetta che l&#8217;accesso o l&#8217;uso continuato del Sito Web e Kido proteggono dopo qualsiasi modifica pubblicata ai Termini di utilizzo indica la tua accettazione delle modifiche.<\/strong><\/p>\n<h5>3. Diritti sui contenuti<\/h5>\n<p>Le pagine e i contenuti di Kido Protect sono soggetti a protezione in base alle leggi sul copyright e sui marchi applicabili e tutte le informazioni sul copyright, i marchi e i loghi devono rimanere intatti. Kido Protect ti concede un&#8217;autorizzazione non esclusiva e limitata per accedere e visualizzare le pagine su Kido Protect come cliente, fornitore o partner commerciale attuale o potenziale di Kido Protect, o per scopi di ricerca non commerciale, a condizione che tu rispetti i presenti Termini d&#8217;uso. Tutti gli altri usi del Sito sono vietati.<\/p>\n<p>Fatta eccezione per l&#8217;autorizzazione limitata nel paragrafo precedente, Kido Protect non concede all&#8217;utente alcun diritto o licenza, espresso o implicito, in base a brevetti, marchi, copyright o altri diritti di propriet\u00e0 intellettuale o di propriet\u00e0. Non puoi rispecchiare o inquadrare nessuno dei contenuti di Kido Protect su un altro sito Web o su qualsiasi altro supporto. Qualsiasi software, servizio e altro materiale reso disponibile per il download, l&#8217;accesso o altro uso da Kido Protect con la propria licenza o termini di utilizzo sar\u00e0 regolato da tali termini, condizioni e avvisi, incluse le leggi applicabili sull&#8217;esportazione e la riesportazione e regolamenti. Il mancato rispetto da parte dell&#8217;utente di tali termini o di uno qualsiasi dei termini di Kido Protect comporter\u00e0 la cessazione automatica di qualsiasi diritto concesso all&#8217;utente, senza preavviso, e l&#8217;utente dovr\u00e0 distruggere immediatamente tutte le copie dei materiali scaricati in suo possesso, custodia o controllo. Non \u00e8 possibile utilizzare, riprodurre o distribuire alcun materiale protetto da copyright, marchi, loghi, grafica, suoni, video, immagini o altri contenuti proprietari su Kido Protect senza l&#8217;espresso permesso scritto di Kido Protect.<\/p>\n<p>Per ulteriori informazioni, fare riferimento alle sezioni su Kido Protect relative alla nostra politica sul copyright, alle linee guida sull&#8217;utilizzo dei marchi e ai marchi di brevetto virtuali. Se desiderate fare un uso del materiale di Kido Protect vietato da questa sezione, potete richiedere l&#8217;autorizzazione contattando contact@kidoprotect.com.<\/p>\n<h5>4.Marchi di fabbrica<\/h5>\n<p>Kido Protect, il logo Kido Protect e tutti i relativi nomi, loghi, nomi di prodotti e servizi, design e slogan sono marchi di Kido Protect o delle sue affiliate. Non \u00e8 consentito utilizzare tali marchi senza previa autorizzazione scritta di Kido Protect.<\/p>\n<h5>5. Contributi degli utenti<\/h5>\n<p>Alcune parti dell&#8217;App e del sito Web Kido Protect possono contenere bacheche, chat room, forum di utenti, blog o colonne di consigli ( <strong>&#8220;Servizi della community&#8221;<\/strong> ) che consentono agli utenti di pubblicare, inviare, pubblicare, visualizzare o trasmettere ad altri utenti o altre persone contenuti o materiali (collettivamente, <strong>&#8220;Contributi dell&#8217;utente&#8221;<\/strong> ) su o attraverso il sito web. Fornendo qualsiasi Contributo utente sul sito Web, concedi a Kido Protect e alle nostre affiliate e fornitori di servizi, e ciascuno dei loro e dei nostri rispettivi successori e assegna il diritto di utilizzare, riprodurre, modificare, eseguire, visualizzare, distribuire e altrimenti divulgare a terzi qualsiasi materiale del genere.<br>\nRiconosci e accetti che la tua condotta, la forma e il contenuto dei Contributi dell&#8217;utente che pubblichi o carichi sul Sito Web, sono di tua esclusiva responsabilit\u00e0 e rispetteranno i seguenti standard di contenuto e qualsiasi altro termine aggiuntivo pubblicato in relazione ai Servizi della community. Di conseguenza, accetti di non:<\/p>\n<ul>\n<li>Caricare, pubblicare, inviare via e-mail, trasmettere o rendere disponibile in altro modo qualsiasi contributo dell&#8217;utente che sia illegale, dannoso (compresi i contributi dell&#8217;utente che sono dannosi per la reputazione di Kido Protect), minaccioso, abusivo, molesto, illecito, diffamatorio, volgare, osceno, calunnioso, invasivo della privacy altrui, odioso, o razziale, etnico o altrimenti discutibile.<\/li>\n<li>Utilizzare i Servizi della Comunit\u00e0 in relazione a sondaggi, concorsi, schemi piramidali, catene di Sant&#8217;Antonio, e-mail spazzatura, spamming o qualsiasi messaggio duplicativo o non richiesto (commerciale o di altro tipo).<\/li>\n<li>Impersonare qualsiasi persona o entit\u00e0.<\/li>\n<li>Violare i diritti legali di un&#8217;altra parte, ad esempio violando i diritti di propriet\u00e0 intellettuale di un&#8217;altra parte attraverso la pubblicazione o il caricamento o l&#8217;uso dei Contributi dell&#8217;utente (comprese, a titolo esemplificativo e non esaustivo, fotografie o immagini), comprese, a titolo esemplificativo e non esaustivo, le leggi sul diritto d&#8217;autore o sui marchi (o sui diritti di privacy o pubblicit\u00e0) o qualsiasi altro diritto di propriet\u00e0, a meno che non si possiedano o si controllino i diritti in questione o si sia ricevuto tutto il consenso necessario per farlo.<\/li>\n<li>falsificare le intestazioni dei messaggi di posta elettronica o manipolare in altro modo gli identificatori al fine di nascondere l&#8217;origine di qualsiasi informazione trasmessa attraverso i Servizi della Comunit\u00e0.<\/li>\n<li>Utilizzare i Servizi comunitari per compilare mailing list commerciali, politiche o di beneficenza o per facilitare la trasmissione di spam, posta indesiderata, catene di Sant&#8217;Antonio o contenuti osceni o blasfemi.<\/li>\n<li>Pubblicare collegamenti diretti a file eseguibili (.exe) che non provengono da un dominio Kido Protect.<\/li>\n<li>Raccogliere o raccogliere in altro modo informazioni su altri, compresi gli indirizzi e-mail o &#8220;phish&#8221; per ottenere informazioni personali di altri.<\/li>\n<li>Utilizzare, scaricare o copiare in altro modo, o fornire (a pagamento o meno) a una persona o a un&#8217;entit\u00e0 qualsiasi elenco di utenti dei Servizi comunitari o altre informazioni sull&#8217;utente o sull&#8217;utilizzo o qualsiasi parte di esse.<\/li>\n<li>Caricare file che contengano virus, cavalli di Troia, worm, bombe a orologeria, cancelbot, file corrotti o qualsiasi altro software o programma simile che possa danneggiare il funzionamento del computer o la propriet\u00e0 di un altro utente.<\/li>\n<li>Falsificare o eliminare qualsiasi informazione sulla gestione del copyright, come le attribuzioni all&#8217;autore, gli avvisi legali o altri avvisi appropriati o le designazioni proprietarie o le etichette dell&#8217;origine o della fonte del software o di altro materiale contenuto in un file caricato.<\/li>\n<li>Limitare o inibire qualsiasi altro utente dall&#8217;utilizzo e dal godimento dei Servizi della Comunit\u00e0.<\/li>\n<li>Creare pi\u00f9 account sui Servizi della Comunit\u00e0 o creare una falsa identit\u00e0 allo scopo di ingannare gli altri.<\/li>\n<li>Violare qualsiasi legge o regolamento applicabile.<\/li>\n<li>Non \u00e8 possibile parlare in modo illecito, molestare, minacciare altri individui o tenere un&#8217;altra condotta di disturbo nei Servizi comunitari.<\/li>\n<\/ul>\n<p>Sebbene Kido Protect non abbia alcun obbligo di rivedere o monitorare i Contributi dell&#8217;utente, Kido Protect si riserva il diritto assoluto di farlo a sua esclusiva discrezione. Inoltre, Kido Protect si riserva il diritto di alterare, modificare, rifiutare di pubblicare o rimuovere qualsiasi Contributo Utente, in tutto o in parte, per qualsiasi motivo o senza motivo. Kido Protect si riserva inoltre il diritto di interrompere la tua capacit\u00e0 di utilizzare i Servizi della community in caso di violazione delle presenti Condizioni d&#8217;uso o delle nostre politiche, come determinato a nostra esclusiva discrezione. Accetti che Kido Protect non ha alcun obbligo di utilizzare o rispondere a qualsiasi Contributo utente. Kido Protect non ha alcun controllo sul fatto che tali Contributi dell&#8217;utente siano di natura che potresti trovare offensivo, sgradevole o altrimenti inaccettabile e, di conseguenza, Kido Protect declina espressamente qualsiasi responsabilit\u00e0 per i Contributi dell&#8217;utente.<\/p>\n<h5>6. Reclami sul copyright<\/h5>\n<p>Kido Protect mantiene una politica per rispondere alle notifiche di presunta violazione del copyright conforme al Digital Millennium Copyright Act (&#8220;DMCA&#8221;). Se ritieni che qualsiasi materiale accessibile su o dal nostro sito Web violi il tuo copyright, puoi richiedere la rimozione di tali materiali dal sito Web contattando il modulo Contattaci di Kido Protect.<\/p>\n<h5>7. Esclusione di responsabilit\u00e0 per errori<\/h5>\n<p>Di tanto in tanto, Kido Protect pu\u00f2 contenere imprecisioni tecniche o altri errori di contenuto e Kido Protect non garantisce l&#8217;accuratezza delle informazioni pubblicate. Per ridurre il rischio di errore, dovresti utilizzare solo le pagine Web pi\u00f9 aggiornate e confermare l&#8217;accuratezza e la completezza delle informazioni prima di utilizzarle per prendere decisioni relative a servizi, prodotti o altre questioni descritte in Kido Protect.<\/p>\n<h5>8. Informazioni riservate e privacy<\/h5>\n<p>Tutte le informazioni fornite sulle nostre app o sul sito Web sono totalmente confidenziali, Kido Protect non utilizzer\u00e0 nessuna di queste informazioni per alcuno scopo e non le condivider\u00e0 con terze parti.<\/p>\n<p>Hai il diritto di cancellare queste informazioni con il tuo account in qualsiasi momento.<\/p>\n<h5>9. Disponibilit\u00e0 del prodotto<\/h5>\n<p>Kido Protect pu\u00f2 contenere riferimenti o riferimenti incrociati a prodotti, servizi o programmi Kido Protect che non sono annunciati o non sono disponibili nel tuo paese o regione. Questi riferimenti non implicano che Kido Protect intenda annunciare o rendere disponibili tali prodotti, servizi o programmi nel tuo paese o regione.<\/p>\n<h5>10. ESCLUSIONE DI GARANZIA<\/h5>\n<p>L&#8217;UTILIZZO DELL&#8217;APP O DEL SITO WEB \u00c8 A TUO ESCLUSIVO RISCHIO. TUTTI I MATERIALI, LE INFORMAZIONI, I PRODOTTI, IL SOFTWARE, I PROGRAMMI E I SERVIZI VENGONO FORNITI &#8220;COS COME SONO&#8221;, SENZA GARANZIE DI ALCUN TIPO. KIDO PROTECT ESCLUDE ESPRESSAMENTE NELLA MISURA MASSIMA CONSENTITA DALLA LEGGE TUTTE LE GARANZIE, GARANZIE O DICHIARAZIONI ESPRESSE, IMPLICITE, LEGALI E DI ALTRO, INCLUSE, SENZA LIMITAZIONI, LE GARANZIE DI COMMERCIABILIT\u00c0, IDONEIT\u00c0 A UNO SCOPO PARTICOLARE E NON PARTICOLARE DIRITTI DI PROPRIET\u00c0 INTELLETTUALE. SENZA LIMITAZIONI, KIDO PROTECT NON FORNISCE ALCUNA GARANZIA O ASSICURAZIONE CHE KIDO PROTECT SAR\u00c0 ININTERROTTO, TEMPESTIVO, SICURO O PRIVO DI ERRORI. KIDO PROTECT NON SI ASSUME ALCUNA RESPONSABILIT\u00c0 PER ERRORI OD OMISSIONI NELLE INFORMAZIONI O SOFTWARE O DOCUMENTI A CUI FANNO RIFERIMENTO O COLLEGATI A QUESTO SITO.<br>\nL&#8217;UTENTE COMPRENDE E ACCETTA CHE SE SCARICA O OTTIENE IN ALTRO MODO MATERIALI, INFORMAZIONI, PRODOTTI, SOFTWARE, PROGRAMMI O SERVIZI DA KIDO PROTECT, LO FACCIA A PROPRIA DISCREZIONE E RISCHIO E CHE SAR\u00c0 L&#8217;UNICO RESPONSABILE PER EVENTUALI DANNI CHE POTREBBERO DERIVARE, COMPRESA LA PERDITA DI DATI O DANNI AL TUO SISTEMA INFORMATICO. ALCUNE GIURISDIZIONI NON CONSENTONO L&#8217;ESCLUSIONE DI GARANZIE, PERTANTO LE ESCLUSIONI DI CUI SOPRA POTREBBERO NON ESSERE APPLICABILI A VOI.<\/p>\n<h5>11. LIMITAZIONE DI RESPONSABILIT\u00c0<\/h5>\n<p>NELLA MISURA MASSIMA CONSENTITA DALLA LEGGE APPLICABILE, IN NESSUN CASO KIDO PROTECT SAR\u00c0 RESPONSABILE NEI CONFRONTI DI NESSUNA PARTE PER DANNI DIRETTI, INDIRETTI, ACCIDENTALI, SPECIALI, ESEMPLARI O CONSEQUENZIALI DI QUALSIASI TIPO CONNESSI O DERIVANTI DA KIDO PROTECT O DA QUALSIASI UTILIZZO DI KIDO PROTECT PROTEGGERE O DI QUALSIASI SITO O RISORSA COLLEGATO A, FATTO RIFERIMENTO O ACCESSO TRAMITE KIDO PROTECT, O PER L&#8217;UTILIZZO O IL DOWNLOAD O L&#8217;ACCESSO A QUALSIASI MATERIALE, INFORMAZIONE, PRODOTTO O SERVIZIO, COMPRESO, SENZA LIMITAZIONI, EVENTUALI PERDITA DI PROFITTO, INTERRUZIONE DELL&#8217;ATTIVIT\u00c0, PERDITA DI RISPARMIO O PERDITA DI PROGRAMMI O ALTRI DATI, ANCHE SE KIDO PROTECT VIENE ESPRESSAMENTE INFORMATA DELLA POSSIBILIT\u00c0 DI TALI DANNI. QUESTA ESCLUSIONE E RINUNCIA DI RESPONSABILIT\u00c0 SI APPLICA A TUTTE LE CAUSE DI AZIONE, BASATE SU CONTRATTO, GARANZIA, ILLECITO O QUALSIASI ALTRA TEORIA LEGALE.<\/p>\n<h5>12. Controversie; Arbitrato obbligatorio.<\/h5>\n<p>La maggior parte dei disaccordi pu\u00f2 essere risolta in modo informale ed efficiente contattando i nostri Servizi e Assistenza ai Soci all&#8217;indirizzo <strong>\n  <a href=\"https:\/\/www.kidoprotect.com\/contact-us\/\">https:\/\/www.kidoprotect.com\/contact-us\/<\/a>\n<\/strong>.<\/p>\n<h5>13. Intero accordo e legge applicabile<\/h5>\n<p>Salvo quanto diversamente richiesto nel presente documento o per legge, i presenti termini sono disciplinati dalle leggi degli Emirati Arabi Uniti. Se un qualsiasi termine delle presenti Condizioni d&#8217;uso viene ritenuto inapplicabile dall&#8217;autorit\u00e0 giudiziaria competente sotto qualsiasi aspetto, la validit\u00e0 del resto delle presenti Condizioni d&#8217;uso non sar\u00e0 pregiudicata, a condizione che tale inapplicabilit\u00e0 non pregiudichi materialmente i diritti delle parti ai sensi delle presenti Condizioni. d&#8217;uso.<\/p>\t\t\t\t\t\t\t\t<\/div>\n\t\t\t\t<\/div>\n\t\t\t\t\t<\/div>\n\t\t\t\t<\/div>\n\t\t\t\t<\/div>\n\t\t","protected":false},"excerpt":{"rendered":"<p>Condizioni d&#8217;uso di Kido Protect Panoramica Di seguito sono riportati i termini di utilizzo tra l&#8217;utente e Kido Protect. (&#8220;Kido Protect&#8221;, &#8220;Azienda&#8221;, &#8220;noi&#8221; o &#8220;ci&#8221;). I seguenti termini e condizioni, insieme a qualsiasi politica incorporata per riferimento (collettivamente, questi &#8220;Condizioni d&#8217;uso&#8221;), regolano l&#8217;accesso e l&#8217;utilizzo di www.KidoProtect.com, tutti i suoi sottodomini e tutti gli altri [&hellip;]<\/p>\n","protected":false},"author":1,"featured_media":0,"parent":0,"menu_order":0,"comment_status":"closed","ping_status":"closed","template":"","meta":{"_monsterinsights_skip_tracking":false,"_monsterinsights_sitenote_active":false,"_monsterinsights_sitenote_note":"","_monsterinsights_sitenote_category":0,"footnotes":""},"class_list":["post-2054","page","type-page","status-publish","hentry"],"_links":{"self":[{"href":"https:\/\/www.kidoprotect.com\/it\/wp-json\/wp\/v2\/pages\/2054","targetHints":{"allow":["GET"]}}],"collection":[{"href":"https:\/\/www.kidoprotect.com\/it\/wp-json\/wp\/v2\/pages"}],"about":[{"href":"https:\/\/www.kidoprotect.com\/it\/wp-json\/wp\/v2\/types\/page"}],"author":[{"embeddable":true,"href":"https:\/\/www.kidoprotect.com\/it\/wp-json\/wp\/v2\/users\/1"}],"replies":[{"embeddable":true,"href":"https:\/\/www.kidoprotect.com\/it\/wp-json\/wp\/v2\/comments?post=2054"}],"version-history":[{"count":23,"href":"https:\/\/www.kidoprotect.com\/it\/wp-json\/wp\/v2\/pages\/2054\/revisions"}],"predecessor-version":[{"id":27144,"href":"https:\/\/www.kidoprotect.com\/it\/wp-json\/wp\/v2\/pages\/2054\/revisions\/27144"}],"wp:attachment":[{"href":"https:\/\/www.kidoprotect.com\/it\/wp-json\/wp\/v2\/media?parent=2054"}],"curies":[{"name":"wp","href":"https:\/\/api.w.org\/{rel}","templated":true}]}}