{"id":2042,"date":"2021-10-12T10:25:24","date_gmt":"2021-10-12T10:25:24","guid":{"rendered":"https:\/\/www.kidoprotect.com\/casa\/"},"modified":"2022-12-19T15:52:24","modified_gmt":"2022-12-19T15:52:24","slug":"casa","status":"publish","type":"page","link":"https:\/\/www.kidoprotect.com\/it\/casa\/","title":{"rendered":"Home"},"content":{"rendered":"<h1>La migliore app di controllo parentale Android per bambini, soddisfazione garantita.<\/h1>\n<p class=\"small\">Segnalazione in tempo reale, ricco elenco di funzioni utili (monitoraggio del tempo dello schermo, monitoraggio delle app, monitoraggio dei social media, filtro Internet e web, monitoraggio di chiamate e SMS, posizione e geofencing, funzionalit\u00e0 SOS, gestione delle attivit\u00e0, monitoraggio di YouTube, key logger, registrazione dello schermo, rilevamento della nudit\u00e0 e molto altro &#8230;), con un pieno controllo dei dispositivi di tuo figlio.<\/p>\n<p class=\"medium\">Sii pi\u00f9 sicuro della sicurezza e del benessere di tuo figlio su Internet.<br \/>La loro sicurezza e il loro benessere \u00e8 il nostro obiettivo. <strong>Ci prendiamo cura della sicurezza online di tuo figlio. Tutte le preoccupazioni dei tuoi genitori sotto un unico ombrello.<\/strong><\/p>\n","protected":false},"excerpt":{"rendered":"<p>La migliore app di controllo parentale Android per bambini, soddisfazione garantita. Segnalazione in tempo reale, ricco elenco di funzioni utili (monitoraggio del tempo dello schermo, monitoraggio delle app, monitoraggio dei social media, filtro Internet e web, monitoraggio di chiamate e SMS, posizione e geofencing, funzionalit\u00e0 SOS, gestione delle attivit\u00e0, monitoraggio di YouTube, key logger, registrazione [&hellip;]<\/p>\n","protected":false},"author":1,"featured_media":3190,"parent":0,"menu_order":0,"comment_status":"closed","ping_status":"closed","template":"","meta":{"_monsterinsights_skip_tracking":false,"_monsterinsights_sitenote_active":false,"_monsterinsights_sitenote_note":"","_monsterinsights_sitenote_category":0,"footnotes":""},"class_list":["post-2042","page","type-page","status-publish","has-post-thumbnail","hentry"],"_links":{"self":[{"href":"https:\/\/www.kidoprotect.com\/it\/wp-json\/wp\/v2\/pages\/2042","targetHints":{"allow":["GET"]}}],"collection":[{"href":"https:\/\/www.kidoprotect.com\/it\/wp-json\/wp\/v2\/pages"}],"about":[{"href":"https:\/\/www.kidoprotect.com\/it\/wp-json\/wp\/v2\/types\/page"}],"author":[{"embeddable":true,"href":"https:\/\/www.kidoprotect.com\/it\/wp-json\/wp\/v2\/users\/1"}],"replies":[{"embeddable":true,"href":"https:\/\/www.kidoprotect.com\/it\/wp-json\/wp\/v2\/comments?post=2042"}],"version-history":[{"count":11,"href":"https:\/\/www.kidoprotect.com\/it\/wp-json\/wp\/v2\/pages\/2042\/revisions"}],"predecessor-version":[{"id":4508,"href":"https:\/\/www.kidoprotect.com\/it\/wp-json\/wp\/v2\/pages\/2042\/revisions\/4508"}],"wp:featuredmedia":[{"embeddable":true,"href":"https:\/\/www.kidoprotect.com\/it\/wp-json\/wp\/v2\/media\/3190"}],"wp:attachment":[{"href":"https:\/\/www.kidoprotect.com\/it\/wp-json\/wp\/v2\/media?parent=2042"}],"curies":[{"name":"wp","href":"https:\/\/api.w.org\/{rel}","templated":true}]}}