{"id":4364,"date":"2022-11-16T16:56:50","date_gmt":"2022-11-16T16:56:50","guid":{"rendered":"https:\/\/www.kidoprotect.com\/kido-protect-blog\/"},"modified":"2024-11-07T12:21:13","modified_gmt":"2024-11-07T12:21:13","slug":"blog","status":"publish","type":"page","link":"https:\/\/www.kidoprotect.com\/fr\/blog\/","title":{"rendered":"Kido Protect Blog"},"content":{"rendered":"\t\t<div data-elementor-type=\"wp-page\" data-elementor-id=\"4364\" class=\"elementor elementor-4364 elementor-4184\" data-elementor-post-type=\"page\">\n\t\t\t\t\t\t<section class=\"elementor-section elementor-top-section elementor-element elementor-element-df5fd51 elementor-section-height-min-height elementor-reverse-mobile elementor-section-content-middle elementor-section-items-bottom elementor-section-boxed elementor-section-height-default\" data-id=\"df5fd51\" data-element_type=\"section\" data-settings=\"{&quot;background_background&quot;:&quot;classic&quot;}\">\n\t\t\t\t\t\t<div class=\"elementor-container elementor-column-gap-extended\">\n\t\t\t\t\t<div class=\"elementor-column elementor-col-100 elementor-top-column elementor-element elementor-element-426ecfc\" data-id=\"426ecfc\" data-element_type=\"column\">\n\t\t\t<div class=\"elementor-widget-wrap elementor-element-populated\">\n\t\t\t\t\t\t<div class=\"elementor-element elementor-element-e5aa2cf elementor-widget elementor-widget-hub_fancy_heading\" data-id=\"e5aa2cf\" data-element_type=\"widget\" data-widget_type=\"hub_fancy_heading.default\">\n\t\t\t\t<div class=\"elementor-widget-container\">\n\t\t\t\t\t\n\t\t<div id=\"ld-fancy-heading-69f08366e5495\" class=\"ld-fancy-heading pos-rel\">\n\t\t\t<h1 class=\"ld-fh-element d-inline-block pos-rel  elementor-heading-title lqd-highlight-classic lqd-highlight-grow-left h1\"  > Conseils de l'\u00e9quipe Kido Protect<\/h1>\t\t<\/div>\n\n\t\t\t\t\t\t<\/div>\n\t\t\t\t<\/div>\n\t\t\t\t<div class=\"elementor-element elementor-element-b10b282 elementor-widget elementor-widget-hub_fancy_heading\" data-id=\"b10b282\" data-element_type=\"widget\" data-widget_type=\"hub_fancy_heading.default\">\n\t\t\t\t<div class=\"elementor-widget-container\">\n\t\t\t\t\t\n\t\t<div id=\"ld-fancy-heading-69f08366e5979\" class=\"ld-fancy-heading pos-rel\">\n\t\t\t<p class=\"ld-fh-element d-inline-block pos-rel  lqd-highlight-classic lqd-highlight-grow-left p\"  > En savoir plus sur la fa\u00e7on dont vous pouvez assurer la s\u00e9curit\u00e9 de votre enfant en ligne.<\/p>\t\t<\/div>\n\n\t\t\t\t\t\t<\/div>\n\t\t\t\t<\/div>\n\t\t\t\t\t<\/div>\n\t\t<\/div>\n\t\t\t\t\t<\/div>\n\t\t<\/section>\n\t\t<div class=\"elementor-element elementor-element-bcc003d e-flex e-con-boxed e-con e-parent\" data-id=\"bcc003d\" data-element_type=\"container\">\n\t\t\t\t\t<div class=\"e-con-inner\">\n\t\t\t\t<div class=\"elementor-element elementor-element-7efbb09 elementor-widget elementor-widget-ld_blog\" data-id=\"7efbb09\" data-element_type=\"widget\" data-widget_type=\"ld_blog.default\">\n\t\t\t\t<div class=\"elementor-widget-container\">\n\t\t\t\t\t<div class=\"lqd-lp-grid 7efbb09 blog-id-133151497 \"><div class=\"lqd-lp-row row pos-rel d-flex flex-wrap\" ><div class=\"lqd-lp-column d-flex flex-column col-md-4 col-sm-6 uncategorized\"><article id=\"post-26955\" class=\"lqd-lp pos-rel lqd-lp-style-6 lqd-lp-hover-img-zoom lqd-lp-animate-onhover border-radius-4 overflow-hidden text-start post-26955 post type-post status-publish format-standard hentry category-uncategorized\">\n<div class=\"lqd-lp-img overflow-hidden\">\n\n\t\n\t<div class=\"lqd-lp-meta text-uppercase font-weight-bold pos-rel z-index-3\">\n\t\t\t<\/div>\n\n<\/div>\n\n<header class=\"lqd-lp-header p-5\">\n\n\t<div class=\"lqd-lp-meta lqd-lp-meta-dot-between d-flex flex-wrap align-items-center text-uppercase ltr-sp-1 font-weight-bold\">\n\n\t\t<div class=\"lqd-lp-author pos-rel z-index-3\">\n\t\t\t<div class=\"lqd-lp-author-info\">\n\t\t\t\t<h3 class=\"mt-0 mb-0 h5\"><a href=\"https:\/\/www.kidoprotect.com\/fr\/author\/aqeel\/\">Aqeel<\/a><\/h3>\n\t\t\t<\/div>\n\t\t<\/div>\n\n\t\t<time class=\"lqd-lp-date\" datetime=\"2024-12-05T10:10:07+00:00\">d\u00e9cembre 5, 2024<\/time>\n\t<\/div>\n\n\t<h2 class=\"entry-title lqd-lp-title mt-3 mb-0 h5\"><a  href=\"https:\/\/www.kidoprotect.com\/fr\/terms-of-sale-mobile\/\" rel=\"bookmark\">Terms of sale mobile<\/a><\/h2>\n<\/header>\n\n<a  href=\"https:\/\/www.kidoprotect.com\/fr\/terms-of-sale-mobile\/\" class=\"lqd-lp-overlay-link lqd-overlay lqd-cc-label-trigger z-index-2\" tab-index=\"-1\"><\/a><\/article><\/div><div class=\"lqd-lp-column d-flex flex-column col-md-4 col-sm-6 uncategorized\"><article id=\"post-22521\" class=\"lqd-lp pos-rel lqd-lp-style-6 lqd-lp-hover-img-zoom lqd-lp-animate-onhover border-radius-4 overflow-hidden text-start post-22521 post type-post status-publish format-standard has-post-thumbnail hentry category-uncategorized\">\n<div class=\"lqd-lp-img overflow-hidden\">\n\n\t<figure><img fetchpriority=\"high\" decoding=\"async\" width=\"720\" height=\"510\" src=\"https:\/\/www.kidoprotect.com\/wp-content\/uploads\/2024\/05\/unnamed-1-720x510.png\" class=\"w-100 wp-post-image\" alt=\"\" itemprop=\"image\" \/><\/figure>\n\t<div class=\"lqd-lp-meta text-uppercase font-weight-bold pos-rel z-index-3\">\n\t\t\t<\/div>\n\n<\/div>\n\n<header class=\"lqd-lp-header p-5\">\n\n\t<div class=\"lqd-lp-meta lqd-lp-meta-dot-between d-flex flex-wrap align-items-center text-uppercase ltr-sp-1 font-weight-bold\">\n\n\t\t<div class=\"lqd-lp-author pos-rel z-index-3\">\n\t\t\t<div class=\"lqd-lp-author-info\">\n\t\t\t\t<h3 class=\"mt-0 mb-0 h5\"><a href=\"https:\/\/www.kidoprotect.com\/fr\/author\/aqeel\/\">Aqeel<\/a><\/h3>\n\t\t\t<\/div>\n\t\t<\/div>\n\n\t\t<time class=\"lqd-lp-date\" datetime=\"2024-05-16T06:36:50+00:00\">mai 16, 2024<\/time>\n\t<\/div>\n\n\t<h2 class=\"entry-title lqd-lp-title mt-3 mb-0 h5\"><a  href=\"https:\/\/www.kidoprotect.com\/fr\/interview-with-lahcene-boukedjar-founder-of-kido-protect\/\" rel=\"bookmark\">Safety Detectives interview about Kido Protect<\/a><\/h2>\n<\/header>\n\n<a  href=\"https:\/\/www.kidoprotect.com\/fr\/interview-with-lahcene-boukedjar-founder-of-kido-protect\/\" class=\"lqd-lp-overlay-link lqd-overlay lqd-cc-label-trigger z-index-2\" tab-index=\"-1\"><\/a><\/article><\/div><div class=\"lqd-lp-column d-flex flex-column col-md-4 col-sm-6 non-classifiee\"><article id=\"post-15216\" class=\"lqd-lp pos-rel lqd-lp-style-6 lqd-lp-hover-img-zoom lqd-lp-animate-onhover border-radius-4 overflow-hidden text-start post-15216 post type-post status-publish format-standard has-post-thumbnail hentry category-non-classifiee\">\n<div class=\"lqd-lp-img overflow-hidden\">\n\n\t<figure><img decoding=\"async\" width=\"720\" height=\"510\" src=\"data:image\/svg+xml;charset=utf-8,%3Csvg xmlns%3D&#039;http%3A%2F%2Fwww.w3.org%2F2000%2Fsvg&#039; viewBox%3D&#039;0 0 720 510&#039;%2F%3E\" class=\"w-100 ld-lazyload wp-post-image\" alt=\"How to install parental control app\" itemprop=\"image\" data-src=\"https:\/\/www.kidoprotect.com\/wp-content\/uploads\/2023\/05\/Parental-control-1800-\u00d7-1000-px-720x510.png\" data-aspect=\"1.4117647058824\" \/><\/figure>\n\t<div class=\"lqd-lp-meta text-uppercase font-weight-bold pos-rel z-index-3\">\n\t\t\t<\/div>\n\n<\/div>\n\n<header class=\"lqd-lp-header p-5\">\n\n\t<div class=\"lqd-lp-meta lqd-lp-meta-dot-between d-flex flex-wrap align-items-center text-uppercase ltr-sp-1 font-weight-bold\">\n\n\t\t<div class=\"lqd-lp-author pos-rel z-index-3\">\n\t\t\t<div class=\"lqd-lp-author-info\">\n\t\t\t\t<h3 class=\"mt-0 mb-0 h5\"><a href=\"https:\/\/www.kidoprotect.com\/fr\/author\/manager\/\">manager<\/a><\/h3>\n\t\t\t<\/div>\n\t\t<\/div>\n\n\t\t<time class=\"lqd-lp-date\" datetime=\"2023-05-27T14:42:43+00:00\">mai 27, 2023<\/time>\n\t<\/div>\n\n\t<h2 class=\"entry-title lqd-lp-title mt-3 mb-0 h5\"><a  href=\"https:\/\/www.kidoprotect.com\/fr\/comment-installer-le-controle-parental-kido-protect-tutoriel-video\/\" rel=\"bookmark\">Comment installer le contr\u00f4le parental ? Kido Protect Tutoriel + Vid\u00e9o<\/a><\/h2>\n<\/header>\n\n<a  href=\"https:\/\/www.kidoprotect.com\/fr\/comment-installer-le-controle-parental-kido-protect-tutoriel-video\/\" class=\"lqd-lp-overlay-link lqd-overlay lqd-cc-label-trigger z-index-2\" tab-index=\"-1\"><\/a><\/article><\/div><div class=\"lqd-lp-column d-flex flex-column col-md-4 col-sm-6 non-classifiee\"><article id=\"post-15222\" class=\"lqd-lp pos-rel lqd-lp-style-6 lqd-lp-hover-img-zoom lqd-lp-animate-onhover border-radius-4 overflow-hidden text-start post-15222 post type-post status-publish format-standard has-post-thumbnail hentry category-non-classifiee\">\n<div class=\"lqd-lp-img overflow-hidden\">\n\n\t<figure><img decoding=\"async\" width=\"720\" height=\"510\" src=\"data:image\/svg+xml;charset=utf-8,%3Csvg xmlns%3D&#039;http%3A%2F%2Fwww.w3.org%2F2000%2Fsvg&#039; viewBox%3D&#039;0 0 720 510&#039;%2F%3E\" class=\"w-100 ld-lazyload wp-post-image\" alt=\"\" itemprop=\"image\" data-src=\"https:\/\/www.kidoprotect.com\/wp-content\/uploads\/2023\/03\/child-g695d723ab_1280-1-720x510.jpg\" data-aspect=\"1.4117647058824\" \/><\/figure>\n\t<div class=\"lqd-lp-meta text-uppercase font-weight-bold pos-rel z-index-3\">\n\t\t\t<\/div>\n\n<\/div>\n\n<header class=\"lqd-lp-header p-5\">\n\n\t<div class=\"lqd-lp-meta lqd-lp-meta-dot-between d-flex flex-wrap align-items-center text-uppercase ltr-sp-1 font-weight-bold\">\n\n\t\t<div class=\"lqd-lp-author pos-rel z-index-3\">\n\t\t\t<div class=\"lqd-lp-author-info\">\n\t\t\t\t<h3 class=\"mt-0 mb-0 h5\"><a href=\"https:\/\/www.kidoprotect.com\/fr\/author\/manager\/\">manager<\/a><\/h3>\n\t\t\t<\/div>\n\t\t<\/div>\n\n\t\t<time class=\"lqd-lp-date\" datetime=\"2023-03-12T21:14:38+00:00\">mars 12, 2023<\/time>\n\t<\/div>\n\n\t<h2 class=\"entry-title lqd-lp-title mt-3 mb-0 h5\"><a  href=\"https:\/\/www.kidoprotect.com\/fr\/surveillez-lutilisation-des-medias-sociaux-par-vos-enfants-guide-2023-pour-les-parents\/\" rel=\"bookmark\">Surveillez l&rsquo;utilisation des m\u00e9dias sociaux par vos enfants &#8211; Guide 2023 pour les parents<\/a><\/h2>\n<\/header>\n\n<a  href=\"https:\/\/www.kidoprotect.com\/fr\/surveillez-lutilisation-des-medias-sociaux-par-vos-enfants-guide-2023-pour-les-parents\/\" class=\"lqd-lp-overlay-link lqd-overlay lqd-cc-label-trigger z-index-2\" tab-index=\"-1\"><\/a><\/article><\/div><div class=\"lqd-lp-column d-flex flex-column col-md-4 col-sm-6 non-classifiee\"><article id=\"post-15664\" class=\"lqd-lp pos-rel lqd-lp-style-6 lqd-lp-hover-img-zoom lqd-lp-animate-onhover border-radius-4 overflow-hidden text-start post-15664 post type-post status-publish format-standard has-post-thumbnail hentry category-non-classifiee\">\n<div class=\"lqd-lp-img overflow-hidden\">\n\n\t<figure><img loading=\"lazy\" decoding=\"async\" width=\"720\" height=\"510\" src=\"data:image\/svg+xml;charset=utf-8,%3Csvg xmlns%3D&#039;http%3A%2F%2Fwww.w3.org%2F2000%2Fsvg&#039; viewBox%3D&#039;0 0 720 510&#039;%2F%3E\" class=\"w-100 ld-lazyload wp-post-image\" alt=\"\" itemprop=\"image\" data-src=\"https:\/\/www.kidoprotect.com\/wp-content\/uploads\/2023\/03\/people-g813699fb3_1280-1-720x510.jpg\" data-aspect=\"1.4117647058824\" \/><\/figure>\n\t<div class=\"lqd-lp-meta text-uppercase font-weight-bold pos-rel z-index-3\">\n\t\t\t<\/div>\n\n<\/div>\n\n<header class=\"lqd-lp-header p-5\">\n\n\t<div class=\"lqd-lp-meta lqd-lp-meta-dot-between d-flex flex-wrap align-items-center text-uppercase ltr-sp-1 font-weight-bold\">\n\n\t\t<div class=\"lqd-lp-author pos-rel z-index-3\">\n\t\t\t<div class=\"lqd-lp-author-info\">\n\t\t\t\t<h3 class=\"mt-0 mb-0 h5\"><a href=\"https:\/\/www.kidoprotect.com\/fr\/author\/manager\/\">manager<\/a><\/h3>\n\t\t\t<\/div>\n\t\t<\/div>\n\n\t\t<time class=\"lqd-lp-date\" datetime=\"2023-03-10T22:45:15+00:00\">mars 10, 2023<\/time>\n\t<\/div>\n\n\t<h2 class=\"entry-title lqd-lp-title mt-3 mb-0 h5\"><a  href=\"https:\/\/www.kidoprotect.com\/fr\/les-parents-doivent-ils-controler-les-activites-de-leurs-enfants-sur-les-medias-sociaux\/\" rel=\"bookmark\">Les parents doivent-ils contr\u00f4ler les activit\u00e9s de leurs enfants sur les m\u00e9dias sociaux ?<\/a><\/h2>\n<\/header>\n\n<a  href=\"https:\/\/www.kidoprotect.com\/fr\/les-parents-doivent-ils-controler-les-activites-de-leurs-enfants-sur-les-medias-sociaux\/\" class=\"lqd-lp-overlay-link lqd-overlay lqd-cc-label-trigger z-index-2\" tab-index=\"-1\"><\/a><\/article><\/div><div class=\"lqd-lp-column d-flex flex-column col-md-4 col-sm-6 non-classifiee\"><article id=\"post-15631\" class=\"lqd-lp pos-rel lqd-lp-style-6 lqd-lp-hover-img-zoom lqd-lp-animate-onhover border-radius-4 overflow-hidden text-start post-15631 post type-post status-publish format-standard has-post-thumbnail hentry category-non-classifiee\">\n<div class=\"lqd-lp-img overflow-hidden\">\n\n\t<figure><img loading=\"lazy\" decoding=\"async\" width=\"720\" height=\"510\" src=\"data:image\/svg+xml;charset=utf-8,%3Csvg xmlns%3D&#039;http%3A%2F%2Fwww.w3.org%2F2000%2Fsvg&#039; viewBox%3D&#039;0 0 720 510&#039;%2F%3E\" class=\"w-100 ld-lazyload wp-post-image\" alt=\"How to monitor kids&#039;YouTube - 2023 Guide\" itemprop=\"image\" data-src=\"https:\/\/www.kidoprotect.com\/wp-content\/uploads\/2023\/02\/kids-4934087_1280-720x510.jpg\" data-aspect=\"1.4117647058824\" \/><\/figure>\n\t<div class=\"lqd-lp-meta text-uppercase font-weight-bold pos-rel z-index-3\">\n\t\t\t<\/div>\n\n<\/div>\n\n<header class=\"lqd-lp-header p-5\">\n\n\t<div class=\"lqd-lp-meta lqd-lp-meta-dot-between d-flex flex-wrap align-items-center text-uppercase ltr-sp-1 font-weight-bold\">\n\n\t\t<div class=\"lqd-lp-author pos-rel z-index-3\">\n\t\t\t<div class=\"lqd-lp-author-info\">\n\t\t\t\t<h3 class=\"mt-0 mb-0 h5\"><a href=\"https:\/\/www.kidoprotect.com\/fr\/author\/manager\/\">manager<\/a><\/h3>\n\t\t\t<\/div>\n\t\t<\/div>\n\n\t\t<time class=\"lqd-lp-date\" datetime=\"2023-02-28T23:13:02+00:00\">f\u00e9vrier 28, 2023<\/time>\n\t<\/div>\n\n\t<h2 class=\"entry-title lqd-lp-title mt-3 mb-0 h5\"><a  href=\"https:\/\/www.kidoprotect.com\/fr\/comment-surveiller-youtube-pour-garantir-la-securite-de-vos-enfants-lorsquils-regardent-des-videos\/\" rel=\"bookmark\">Comment surveiller YouTube pour garantir la s\u00e9curit\u00e9 de vos enfants lorsqu&rsquo;ils regardent des vid\u00e9os ?<\/a><\/h2>\n<\/header>\n\n<a  href=\"https:\/\/www.kidoprotect.com\/fr\/comment-surveiller-youtube-pour-garantir-la-securite-de-vos-enfants-lorsquils-regardent-des-videos\/\" class=\"lqd-lp-overlay-link lqd-overlay lqd-cc-label-trigger z-index-2\" tab-index=\"-1\"><\/a><\/article><\/div><\/div><!--\/ .row --><div class=\"page-nav text-center\"><nav aria-label=\"Page navigation\"><ul class=\"pagination\"><li><span aria-current=\"page\" class=\"page-numbers current\">1<\/span><\/li>\n\t<li><a class=\"page-numbers\" href=\"https:\/\/www.kidoprotect.com\/fr\/wp-json\/wp\/v2\/pages\/4364\/page\/2\/\">2<\/a><\/li>\n\t<li><a class=\"next page-numbers\" href=\"https:\/\/www.kidoprotect.com\/fr\/wp-json\/wp\/v2\/pages\/4364\/page\/2\/\"><span aria-hidden=\"true\"><svg xmlns=\"http:\/\/www.w3.org\/2000\/svg\" width=\"12\" height=\"32\" viewBox=\"0 0 12 32\" style=\"width: 1em;height: 1em\"><path fill=\"currentColor\" d=\"M8.375 16L.437 8.062C-.125 7.5-.125 6.5.438 5.938s1.563-.563 2.126 0l9 9c.562.562.624 1.5.062 2.062l-9.063 9.063c-.312.312-.687.437-1.062.437s-.75-.125-1.063-.438c-.562-.562-.562-1.562 0-2.125z\"><\/path><\/svg><\/span><\/a><\/li><\/ul><\/nav><\/div><\/div><!--\/ .lqd-lp-grid -->\t\t\t\t<\/div>\n\t\t\t\t<\/div>\n\t\t\t\t\t<\/div>\n\t\t\t\t<\/div>\n\t\t\t\t<\/div>\n\t\t","protected":false},"excerpt":{"rendered":"<p>Conseils de l&rsquo;\u00e9quipe Kido Protect En savoir plus sur la fa\u00e7on dont vous pouvez assurer la s\u00e9curit\u00e9 de votre enfant en ligne. Aqeel May 16, 2024 Safety Detectives interview about Kido Protect manager May 27, 2023 How to install parental controls? Kido Protect Tutorial + Video manager March 12, 2023 Monitor Your Kids&#8217; Social Media [&hellip;]<\/p>\n","protected":false},"author":1,"featured_media":0,"parent":0,"menu_order":0,"comment_status":"closed","ping_status":"closed","template":"","meta":{"_monsterinsights_skip_tracking":false,"_monsterinsights_sitenote_active":false,"_monsterinsights_sitenote_note":"","_monsterinsights_sitenote_category":0,"footnotes":""},"class_list":["post-4364","page","type-page","status-publish","hentry"],"_links":{"self":[{"href":"https:\/\/www.kidoprotect.com\/fr\/wp-json\/wp\/v2\/pages\/4364","targetHints":{"allow":["GET"]}}],"collection":[{"href":"https:\/\/www.kidoprotect.com\/fr\/wp-json\/wp\/v2\/pages"}],"about":[{"href":"https:\/\/www.kidoprotect.com\/fr\/wp-json\/wp\/v2\/types\/page"}],"author":[{"embeddable":true,"href":"https:\/\/www.kidoprotect.com\/fr\/wp-json\/wp\/v2\/users\/1"}],"replies":[{"embeddable":true,"href":"https:\/\/www.kidoprotect.com\/fr\/wp-json\/wp\/v2\/comments?post=4364"}],"version-history":[{"count":12,"href":"https:\/\/www.kidoprotect.com\/fr\/wp-json\/wp\/v2\/pages\/4364\/revisions"}],"predecessor-version":[{"id":26559,"href":"https:\/\/www.kidoprotect.com\/fr\/wp-json\/wp\/v2\/pages\/4364\/revisions\/26559"}],"wp:attachment":[{"href":"https:\/\/www.kidoprotect.com\/fr\/wp-json\/wp\/v2\/media?parent=4364"}],"curies":[{"name":"wp","href":"https:\/\/api.w.org\/{rel}","templated":true}]}}