{"id":353,"date":"2021-10-11T06:51:10","date_gmt":"2021-10-11T06:51:10","guid":{"rendered":"http:\/\/localhost\/kido\/termes-et-conditions\/"},"modified":"2024-12-12T10:12:22","modified_gmt":"2024-12-12T10:12:22","slug":"termes-et-conditions","status":"publish","type":"page","link":"https:\/\/www.kidoprotect.com\/fr\/termes-et-conditions\/","title":{"rendered":"Termes et conditions"},"content":{"rendered":"\t\t<div data-elementor-type=\"wp-page\" data-elementor-id=\"353\" class=\"elementor elementor-353 elementor-23\" data-elementor-post-type=\"page\">\n\t\t\t\t<div class=\"elementor-element elementor-element-254f7ecc e-flex e-con-boxed e-con e-parent\" data-id=\"254f7ecc\" data-element_type=\"container\">\n\t\t\t\t\t<div class=\"e-con-inner\">\n\t\t\t\t<div class=\"elementor-element elementor-element-c493fae elementor-widget elementor-widget-hub_fancy_heading\" data-id=\"c493fae\" data-element_type=\"widget\" data-widget_type=\"hub_fancy_heading.default\">\n\t\t\t\t<div class=\"elementor-widget-container\">\n\t\t\t\t\t\n\t\t<div id=\"ld-fancy-heading-69f09c54a9216\" class=\"ld-fancy-heading pos-rel\">\n\t\t\t<h2 class=\"ld-fh-element d-inline-block pos-rel  elementor-heading-title lqd-highlight-classic lqd-highlight-grow-left h2\"  > Conditions d'utilisation de Kido Protect\n<\/h2>\t\t<\/div>\n\n\t\t\t\t\t\t<\/div>\n\t\t\t\t<\/div>\n\t\t\t\t\t<\/div>\n\t\t\t\t<\/div>\n\t\t<div class=\"elementor-element elementor-element-a8dda17 e-flex e-con-boxed e-con e-parent\" data-id=\"a8dda17\" data-element_type=\"container\">\n\t\t\t\t\t<div class=\"e-con-inner\">\n\t\t\t\t<div class=\"elementor-element elementor-element-41c362e elementor-widget elementor-widget-text-editor\" data-id=\"41c362e\" data-element_type=\"widget\" data-widget_type=\"text-editor.default\">\n\t\t\t\t<div class=\"elementor-widget-container\">\n\t\t\t\t\t\t\t\t\t<h5>Aper\u00e7u<\/h5>\n<p>Voici les conditions d&rsquo;utilisation entre vous et Kido Protect. (\u00ab\u00a0Kido Protect\u00a0\u00bb, \u00ab\u00a0Soci\u00e9t\u00e9\u00a0\u00bb, \u00ab\u00a0nous\u00a0\u00bb ou \u00ab\u00a0notre\u00a0\u00bb). Les termes et conditions suivants, ainsi que toutes les politiques incorpor\u00e9es par r\u00e9f\u00e9rence (collectivement, ces <strong>\u00ab\u00a0Conditions d&rsquo;utilisation<\/strong>), r\u00e9gissent votre acc\u00e8s et votre utilisation des  <a href=\"https:\/\/www.KidoProtect.com\/\" target=\"_blank\" rel=\"noopener\">www.KidoProtect.com<\/a>tous ses sous-domaines et tous les autres sites Web d\u00e9tenus, exploit\u00e9s ou maintenus par Kido Protect et ses soci\u00e9t\u00e9s affili\u00e9es, y compris tout contenu et toute fonctionnalit\u00e9 offerts sur ces sites (collectivement, le site Web de Kido Protect).  <strong>\u00ab\u00a0Kido Protect\u00a0\u00bb<\/strong>). Le terme \u00abvous\u00bb, tel qu&rsquo;il est utilis\u00e9 dans les pr\u00e9sentes conditions d&rsquo;utilisation, d\u00e9signe toute personne ou entit\u00e9 qui acc\u00e8de ou utilise le Kido Protect.<\/p>\n<p>En acc\u00e9dant ou en utilisant Kido Protect, vous reconnaissez avoir lu, compris et accept\u00e9 d&rsquo;\u00eatre li\u00e9 par ces conditions et de vous conformer \u00e0 toutes les lois et r\u00e9glementations applicables. Si vous n&rsquo;acceptez pas ces conditions, veuillez ne pas utiliser Kido Protect. Kido Protect peut, sans pr\u00e9avis, \u00e0 tout moment, r\u00e9viser ces conditions d&rsquo;utilisation et toute autre information contenue dans Kido Protect. Kido Protect peut \u00e9galement apporter des am\u00e9liorations ou des modifications aux produits, services ou autres contenus affich\u00e9s sur notre site Web \u00e0 tout moment et sans pr\u00e9avis.<\/p>\n<p>Pour \u00e9viter tout doute, votre utilisation de tout produit ou service que vous avez choisi de recevoir de Kido Protect, y compris l&rsquo;information sur le compte et la gestion du compte, et tous les achats sur notre site Web ou autres transactions pour la vente de produits ou services form\u00e9s par le biais du site Web sont r\u00e9gis par les lois applicables sur la protection de la vie priv\u00e9e.  <strong>\n  <a href=\"https:\/\/www.kidoprotect.com\/terms-of-sale\/\">Conditions de vente<\/a>\n<\/strong>. Ces conditions d&rsquo;utilisation s&rsquo;ajoutent \u00e0 toutes les conditions qui peuvent s&rsquo;appliquer \u00e0 vous. Tout conflit entre les pr\u00e9sentes conditions d&rsquo;utilisation et le contrat de licence et de services ou les conditions de vente sera remplac\u00e9 et r\u00e9gi par le contrat de licence et de services ou les conditions de vente, ou d&rsquo;autres conditions applicables, respectivement (et uniquement le cas \u00e9ch\u00e9ant). Toute r\u00e9clamation et tout litige d\u00e9coulant du contrat de licence et de services ou des conditions de vente seront soumis uniquement \u00e0 ces conditions et non aux pr\u00e9sentes conditions d&rsquo;utilisation.<\/p>\n<p><strong>AVIS IMPORTANT CONCERNANT L&rsquo;ARBITRAGE POUR LES R\u00c9SIDENTS DES \u00c9TATS-UNIS &#8211; LORSQUE VOUS ACCEPTEZ CES CONDITIONS, VOUS ACCEPTEZ DE R\u00c9SOUDRE TOUS LES LITIGES AVEC KIDO PROTECT ET SES FILIALES PAR LE BIAIS DES TRIBUNAUX DE PETITES CR\u00c9ANCES OU PAR L&rsquo;ARBITRAGE SUR UNE BASE INDIVIDUELLE PLUTT QUE DES PROC\u00c8S AVEC JURY OU DES ACTIONS COLLECTIVES. VEUILLEZ CONSULTER LA SECTION 16 \u00abLITIGES; ARBITRAGE OBLIGATOIRE \u00bb, POUR DES D\u00c9TAILS CONCERNANT L&rsquo;ARBITRAGE (Y COMPRIS LA PROC\u00c9DURE DE RETRAIT DE L&rsquo;ARBITRAGE).<\/strong><\/p>\n<h5>1. votre vie priv\u00e9e<\/h5>\n<p>Votre vie priv\u00e9e est importante pour nous. Veuillez lire la d\u00e9claration de confidentialit\u00e9 de Kido Protect Global <a href=\"https:\/\/www.kidoprotect.com\/privacy-policy\">\n  <strong>https:\/\/www.kidoprotect.com\/privacy-policy<\/strong>\n<\/a> qui d\u00e9crit comment nous recueillons, utilisons, traitons et prot\u00e9geons vos donn\u00e9es et celles de vos appareils lorsque vous utilisez et acc\u00e9dez au Kido Protect.<\/p>\n<h5>2. Poursuite de l&rsquo;accord<\/h5>\n<p>Nous pouvons modifier les Conditions d&rsquo;utilisation de temps \u00e0 autre. Lorsque des modifications sont apport\u00e9es, nous vous en informerons en rendant la version r\u00e9vis\u00e9e disponible sur cette page Web, et nous indiquerons en haut de cette page la date \u00e0 laquelle les derni\u00e8res r\u00e9visions ont \u00e9t\u00e9 apport\u00e9es. Vous devriez revoir ces conditions d&rsquo;utilisation r\u00e9guli\u00e8rement, car les versions r\u00e9vis\u00e9es vous lieront. <strong>Dans toute la mesure permise par toutes les lois, r\u00e8gles, r\u00e9glementations et exigences applicables (collectivement, les \u00abLois applicables\u00bb), vous comprenez et acceptez que votre acc\u00e8s continu ou votre utilisation du site Web et de Kido vous prot\u00e8gent apr\u00e8s toute modification publi\u00e9e des conditions d&rsquo;utilisation. indique votre acceptation des modifications.<\/strong><\/p>\n<h5>3. Droits sur le contenu<\/h5>\n<p>Les pages et le contenu de Kido Protect sont prot\u00e9g\u00e9s par les lois applicables sur les droits d&rsquo;auteur et les marques, et toutes les informations sur les droits d&rsquo;auteur, les marques et les logos doivent rester intacts. Kido Protect vous accorde une autorisation non exclusive et limit\u00e9e d&rsquo;acc\u00e9der et d&rsquo;afficher les pages sur Kido Protect en tant que client, fournisseur ou partenaire commercial actuel ou potentiel de Kido Protect, ou \u00e0 des fins de recherche non commerciale, \u00e0 condition que vous vous conformiez aux pr\u00e9sentes Conditions. utile. Toutes les autres utilisations du site Web sont interdites.<\/p>\n<p>\u00c0 l&rsquo;exception de l&rsquo;autorisation limit\u00e9e du paragraphe pr\u00e9c\u00e9dent, Kido Protect ne vous accorde aucun droit ou licence explicite ou implicite en vertu de brevets, marques de commerce, droits d&rsquo;auteur ou autres droits de propri\u00e9t\u00e9 ou de propri\u00e9t\u00e9 intellectuelle. Vous ne pouvez pas reproduire ou encadrer le contenu de Kido Protect sur un autre site Web ou dans tout autre m\u00e9dia. Tout logiciel, service et autre mat\u00e9riel mis \u00e0 disposition pour t\u00e9l\u00e9chargement, acc\u00e8s ou autre utilisation de Kido Protect avec leur propre licence ou conditions d&rsquo;utilisation seront r\u00e9gis par ces termes, conditions et avis, y compris les lois applicables en mati\u00e8re d&rsquo;exportation et de r\u00e9exportation et r\u00e8glements. Votre non-respect de ces conditions ou de l&rsquo;une des conditions de Kido Protect entra\u00eenera la r\u00e9siliation automatique de tous les droits qui vous sont accord\u00e9s, sans pr\u00e9avis, et vous devez imm\u00e9diatement d\u00e9truire toutes les copies des documents t\u00e9l\u00e9charg\u00e9s en votre possession, votre garde ou votre contr\u00f4le. Vous ne pouvez pas utiliser, reproduire ou distribuer le mat\u00e9riel prot\u00e9g\u00e9 par le droit d&rsquo;auteur, les marques de commerce, les logos, les graphiques, les sons, les vid\u00e9os, les images ou tout autre contenu exclusif sur Kido Protect sans l&rsquo;autorisation \u00e9crite expresse de Kido Protect.<\/p>\n<p>Pour plus d&rsquo;informations, reportez-vous aux sections sur Kido Protect concernant notre politique de droit d&rsquo;auteur, nos directives d&rsquo;utilisation des marques et nos marques de brevets virtuels. Si vous souhaitez faire une utilisation du mat\u00e9riel de Kido Protect interdite par la pr\u00e9sente section, vous pouvez en demander l&rsquo;autorisation en contactant contact@kidoprotect.com.<\/p>\n<h5>4. marques d\u00e9pos\u00e9es<\/h5>\n<p>Kido Protect, le logo Kido Protect et tous les noms, logos, noms de produits et de services, conceptions et slogans associ\u00e9s sont des marques de commerce de Kido Protect ou de ses soci\u00e9t\u00e9s affili\u00e9es. Vous ne devez pas utiliser de telles marques sans l&rsquo;autorisation \u00e9crite pr\u00e9alable de Kido Protect.<\/p>\n<h5>5. Contributions des utilisateurs<\/h5>\n<p>Certaines parties de l&rsquo;application et du site Web Kido protect peuvent contenir des babillards \u00e9lectroniques, des salles de discussion, des forums d&rsquo;utilisateurs, des blogs ou des colonnes de conseils (<strong> \u00ab\u00a0Services communautaires\u00a0\u00bb<\/strong> ) qui permettent aux utilisateurs de publier, soumettre, publier, afficher ou transmettre \u00e0 d&rsquo;autres utilisateurs ou \u00e0 d&rsquo;autres personnes du contenu ou du mat\u00e9riel (collectivement,<strong> \u00abContributions des utilisateurs\u00bb<\/strong> ) sur ou via le site Web. En fournissant des contributions d&rsquo;utilisateur sur le site Web, vous accordez \u00e0 Kido Protect et \u00e0 nos soci\u00e9t\u00e9s affili\u00e9es et fournisseurs de services, ainsi qu&rsquo;\u00e0 chacun de leurs successeurs respectifs et \u00e0 nos successeurs respectifs, le droit d&rsquo;utiliser, de reproduire, de modifier, d&rsquo;ex\u00e9cuter, d&rsquo;afficher, de distribuer et de divulguer autrement \u00e0 des tiers un tel mat\u00e9riel.<br>\nVous reconnaissez et acceptez que votre conduite, ainsi que la forme et le contenu des contributions des utilisateurs que vous publiez ou t\u00e9l\u00e9chargez sur le site Web, rel\u00e8vent de votre seule responsabilit\u00e9 et se conformeront aux normes de contenu suivantes et \u00e0 toute autre condition suppl\u00e9mentaire publi\u00e9e en relation avec les services communautaires. En cons\u00e9quence, vous vous engagez \u00e0 ne pas :<\/p>\n<ul>\n<li>T\u00e9l\u00e9charger, afficher, envoyer par courriel, transmettre ou rendre disponible toute contribution d&rsquo;utilisateur ill\u00e9gale, nuisible (y compris les contributions d&rsquo;utilisateur qui nuisent \u00e0 la r\u00e9putation de Kido Protect), mena\u00e7ante, abusive, harcelante, d\u00e9lictuelle, diffamatoire, vulgaire, obsc\u00e8ne, calomnieuse, portant atteinte \u00e0 la vie priv\u00e9e d&rsquo;autrui, haineuse, ou racialement, ethniquement ou autrement r\u00e9pr\u00e9hensible.<\/li>\n<li>utiliser les services communautaires dans le cadre d&rsquo;enqu\u00eates, de concours, de syst\u00e8mes pyramidaux, de cha\u00eenes de lettres, de courriers ind\u00e9sirables, de spamming ou de tout message dupliqu\u00e9 ou non sollicit\u00e9 (commercial ou autre).<\/li>\n<li>Usurper l&rsquo;identit\u00e9 d&rsquo;une personne ou d&rsquo;une entit\u00e9.<\/li>\n<li>violer les droits l\u00e9gaux d&rsquo;une autre partie, notamment en enfreignant les droits de propri\u00e9t\u00e9 intellectuelle d&rsquo;une autre partie par la publication, le t\u00e9l\u00e9chargement ou l&rsquo;utilisation des contributions de l&rsquo;utilisateur (y compris, mais sans s&rsquo;y limiter, les photographies ou les images), y compris, \u00e0 titre d&rsquo;exemple et sans s&rsquo;y limiter, les droits d&rsquo;auteur ou les lois sur les marques (ou les droits \u00e0 la vie priv\u00e9e ou \u00e0 la publicit\u00e9) ou tout autre droit de propri\u00e9t\u00e9, \u00e0 moins que vous ne poss\u00e9diez ou contr\u00f4liez les droits y aff\u00e9rents ou que vous ayez re\u00e7u tous les consentements n\u00e9cessaires pour le faire.<\/li>\n<li>falsifier les en-t\u00eates des courriers \u00e9lectroniques ou manipuler de toute autre mani\u00e8re les identifiants afin de dissimuler l&rsquo;origine de toute information transmise par l&rsquo;interm\u00e9diaire des services communautaires.<\/li>\n<li>Utiliser les services communautaires pour compiler des listes de diffusion commerciales, politiques ou caritatives ou pour faciliter la transmission de spam, de courrier ind\u00e9sirable, de cha\u00eenes de lettres ou de contenu obsc\u00e8ne ou blasph\u00e9matoire.<\/li>\n<li>Poster des liens directs vers des fichiers ex\u00e9cutables (.exe) qui ne proviennent pas d&rsquo;un domaine Kido Protect.<\/li>\n<li>R\u00e9colter ou collecter de toute autre mani\u00e8re des informations sur d&rsquo;autres personnes, y compris des adresses \u00e9lectroniques, ou \u00ab\u00a0hame\u00e7onner\u00a0\u00bb des informations personnelles sur d&rsquo;autres personnes.<\/li>\n<li>utiliser, t\u00e9l\u00e9charger ou copier de toute autre mani\u00e8re, ou fournir (\u00e0 titre on\u00e9reux ou non) \u00e0 une personne ou \u00e0 une entit\u00e9 un r\u00e9pertoire des utilisateurs des services communautaires ou d&rsquo;autres informations relatives aux utilisateurs ou \u00e0 l&rsquo;utilisation, ou une partie de ces informations.<\/li>\n<li>T\u00e9l\u00e9charger des fichiers contenant des virus, des chevaux de Troie, des vers, des bombes \u00e0 retardement, des robots d&rsquo;annulation, des fichiers corrompus ou tout autre logiciel ou programme similaire susceptible d&rsquo;endommager le fonctionnement de l&rsquo;ordinateur d&rsquo;autrui ou la propri\u00e9t\u00e9 d&rsquo;autrui.<\/li>\n<li>Falsifier ou supprimer toute information relative \u00e0 la gestion des droits d&rsquo;auteur, telle que les attributions d&rsquo;auteur, les avis l\u00e9gaux ou autres avis appropri\u00e9s, les d\u00e9signations de propri\u00e9t\u00e9 ou les \u00e9tiquettes indiquant l&rsquo;origine ou la source d&rsquo;un logiciel ou d&rsquo;un autre mat\u00e9riel contenu dans un fichier t\u00e9l\u00e9charg\u00e9.<\/li>\n<li>Restreindre ou emp\u00eacher tout autre utilisateur d&rsquo;utiliser et de profiter des services communautaires.<\/li>\n<li>Cr\u00e9er plusieurs comptes sur les services communautaires ou cr\u00e9er une fausse identit\u00e9 dans le but de tromper les autres.<\/li>\n<li>violer toute loi ou r\u00e9glementation applicable.<\/li>\n<li>de tenir des propos d\u00e9lictueux, de harceler ou de menacer une autre personne ou d&rsquo;adopter tout autre comportement perturbateur sur les services communautaires.<\/li>\n<\/ul>\n<p>Bien que Kido Protect n&rsquo;ait aucune obligation d&rsquo;examiner ou de surveiller les contributions des utilisateurs, Kido Protect se r\u00e9serve le droit absolu de le faire \u00e0 sa seule discr\u00e9tion. De plus, Kido Protect se r\u00e9serve le droit de modifier, \u00e9diter, refuser de publier ou supprimer toute Contribution d&rsquo;utilisateur, en tout ou en partie, pour quelque raison que ce soit ou sans raison. Kido Protect se r\u00e9serve \u00e9galement le droit de mettre fin \u00e0 votre capacit\u00e9 \u00e0 utiliser les Services communautaires si vous enfreignez l&rsquo;une de ces Conditions d&rsquo;utilisation ou nos politiques, tel que d\u00e9termin\u00e9 \u00e0 notre seule discr\u00e9tion. Vous acceptez que Kido Protect n&rsquo;a aucune obligation d&rsquo;utiliser ou de r\u00e9pondre aux contributions des utilisateurs. Kido Protect n&rsquo;a aucun contr\u00f4le sur la nature de ces contributions de l&rsquo;utilisateur que vous pourriez trouver offensantes, d\u00e9sagr\u00e9ables ou autrement inacceptables et, par cons\u00e9quent, Kido Protect d\u00e9cline express\u00e9ment toute responsabilit\u00e9 pour les contributions de l&rsquo;utilisateur.<\/p>\n<h5>6. Plaintes relatives aux droits d&rsquo;auteur<\/h5>\n<p>Kido Protect maintient une politique de r\u00e9ponse aux avis de violation pr\u00e9sum\u00e9e du droit d&rsquo;auteur qui sont conformes au Digital Millennium Copyright Act (\u00ab DMCA \u00bb). Si vous pensez que des \u00e9l\u00e9ments accessibles sur ou \u00e0 partir de notre site Web enfreignent vos droits d&rsquo;auteur, vous pouvez demander la suppression de ces \u00e9l\u00e9ments du site Web en contactant Kido Protect via le formulaire Contactez-nous.<\/p>\n<h5>7. Clause de non-responsabilit\u00e9 concernant les erreurs<\/h5>\n<p>De temps \u00e0 autre, Kido Protect peut contenir des inexactitudes techniques ou d&rsquo;autres erreurs de contenu, et Kido Protect ne garantit pas l&rsquo;exactitude des informations publi\u00e9es. Pour att\u00e9nuer le risque d&rsquo;erreur, vous devez utiliser uniquement les pages Web les plus r\u00e9centes et confirmer l&rsquo;exactitude et l&rsquo;exhaustivit\u00e9 des informations avant de les utiliser pour prendre des d\u00e9cisions concernant les services, les produits ou d&rsquo;autres questions d\u00e9crites dans Kido Protect.<\/p>\n<h5>8. Informations confidentielles et confidentialit\u00e9<\/h5>\n<p>Toutes les informations fournies sur nos applications ou notre site Web sont totalement confidentielles, Kido Protect n&rsquo;utilisera aucune de ces informations \u00e0 quelque fin que ce soit et ne les partagera avec aucun tiers.<\/p>\n<p>Vous avez le droit de supprimer ces informations de votre compte \u00e0 tout moment.<\/p>\n<h5>9. Disponibilit\u00e9 du produit<\/h5>\n<p>Kido Protect peut contenir des r\u00e9f\u00e9rences ou des renvois \u00e0 des produits, services ou programmes Kido Protect qui ne sont pas annonc\u00e9s ou disponibles dans votre pays ou r\u00e9gion. Ces r\u00e9f\u00e9rences n&rsquo;impliquent pas que Kido Protect a l&rsquo;intention d&rsquo;annoncer ou de mettre \u00e0 disposition de tels produits, services ou programmes dans votre pays ou r\u00e9gion.<\/p>\n<h5>10. EXCLUSION DE GARANTIE<\/h5>\n<p>L&rsquo;UTILISATION DE L&rsquo;APPLICATION OU DU SITE WEB EST \u00c0 VOS PROPRES RISQUES. TOUS LES MAT\u00c9RIAUX, INFORMATIONS, PRODUITS, LOGICIELS, PROGRAMMES ET SERVICES SONT FOURNIS \u00ab EN L&rsquo;\u00c9TAT \u00bb, SANS GARANTIE D&rsquo;AUCUNE SORTE. KIDO PROTECT D\u00c9CLINE EXPRESS\u00c9MENT, DANS TOUTE LA MESURE AUTORIS\u00c9E PAR LA LOI, TOUTES GARANTIES, GARANTIES OU D\u00c9CLARATIONS EXPRESSES, IMPLICITES, STATUTAIRES ET AUTRES, Y COMPRIS, SANS LIMITATION, LES GARANTIES DE QUALIT\u00c9 MARCHANDE, D&rsquo;AD\u00c9QUATION \u00c0 UNE PROPRI\u00c9T\u00c9 ET DE NON-CONFORMIT\u00c9 PARTICULI\u00c8RES DROITS DE PROPRI\u00c9T\u00c9 INTELLECTUELLE. SANS LIMITATION, KIDO PROTECT N&rsquo;OFFRE AUCUNE GARANTIE OU GARANTIE QUE KIDO PROTECT SERA ININTERROMPU, OPPORTUN, S\u00c9CURIS\u00c9 OU SANS ERREUR. KIDO PROTECT N&rsquo;ASSUME AUCUNE RESPONSABILIT\u00c9 POUR LES ERREURS OU OMISSIONS DANS LES INFORMATIONS OU LES LOGICIELS OU LES DOCUMENTS R\u00c9F\u00c9R\u00c9S PAR OU LI\u00c9S \u00c0 CE SITE.<br>\nVOUS COMPRENEZ ET ACCEPTEZ QUE SI VOUS T\u00c9L\u00c9CHARGEZ OU OBTENEZ AUTREMENT DU MAT\u00c9RIEL, DES INFORMATIONS, DES PRODUITS, DES LOGICIELS, DES PROGRAMMES OU DES SERVICES DE KIDO PROTECT, VOUS LE FAITES \u00c0 VOTRE PROPRE DISCR\u00c9TION ET \u00c0 VOS RISQUES ET QUE VOUS SEREZ SEUL RESPONSABLE DE TOUT DOMMAGE QUI POURRAIT EN R\u00c9SULTER, Y COMPRIS LA PERTE DE DONN\u00c9ES OU LES DOMMAGES \u00c0 VOTRE SYST\u00c8ME INFORMATIQUE. CERTAINES JURIDICTIONS N&rsquo;AUTORISANT PAS L&rsquo;EXCLUSION DE GARANTIES, LES EXCLUSIONS CI-DESSUS PEUVENT NE PAS S&rsquo;APPLIQUER \u00c0 VOUS.<\/p>\n<h5>11. LIMITATION DE RESPONSABILIT\u00c9<\/h5>\n<p>DANS TOUTE LA MESURE PERMISE PAR LA LOI APPLICABLE, EN AUCUN CAS KIDO PROTECT NE SERA TENU RESPONSABLE ENVERS AUCUNE PARTIE POUR TOUT DOMMAGE DIRECT, INDIRECT, ACCESSOIRE, SP\u00c9CIAL, EXEMPLAIRE OU CONS\u00c9CUTIF DE QUELQUE TYPE QUE CE SOIT LI\u00c9 \u00c0 OU D\u00c9COULANT DE KIDO PROTECT OU DE TOUTE UTILISATION PROTECT, OU DE TOUT SITE OU RESSOURCE LI\u00c9 \u00c0, R\u00c9F\u00c9R\u00c9 OU ACC\u00c9D\u00c9 PAR KIDO PROTECT, OU POUR L&rsquo;UTILISATION OU LE T\u00c9L\u00c9CHARGEMENT OU L&rsquo;ACC\u00c8S \u00c0 TOUT MAT\u00c9RIEL, INFORMATION, PRODUIT OU SERVICE, Y COMPRIS, SANS LIMITATION, TOUTE PERTE DE PROFITS, INTERRUPTION DES ACTIVIT\u00c9S, PERTE D&rsquo;\u00c9CONOMIES OU PERTE DE PROGRAMMES OU D&rsquo;AUTRES DONN\u00c9ES, M\u00caME SI KIDO PROTECT EST EXPRESS\u00c9MENT INFORM\u00c9 DE LA POSSIBILIT\u00c9 DE TELS DOMMAGES. CETTE EXCLUSION ET RENONCIATION DE RESPONSABILIT\u00c9 S&rsquo;APPLIQUE \u00c0 TOUTES LES CAUSES D&rsquo;ACTION, QU&rsquo;ELLES SONT BAS\u00c9ES SUR UN CONTRAT, UNE GARANTIE, UN D\u00c9LIT OU TOUTE AUTRE TH\u00c9ORIE JURIDIQUE.<\/p>\n<h5>12. Litiges; Arbitrage obligatoire.<\/h5>\n<p>La plupart des d\u00e9saccords peuvent \u00eatre r\u00e9solus de mani\u00e8re informelle et efficace en contactant notre service d&rsquo;assistance aux membres \u00e0 l&rsquo;adresse suivante <strong>\n  <a href=\"https:\/\/www.kidoprotect.com\/contact-us\/\">https:\/\/www.kidoprotect.com\/contact-us\/<\/a>\n<\/strong>.<\/p>\n<h5>13. Int\u00e9gralit\u00e9 de l&rsquo;accord et droit applicable<\/h5>\n<p>Sauf indication contraire dans les pr\u00e9sentes ou par la loi, ces conditions sont r\u00e9gies par les lois des \u00c9mirats arabes unis. Si l&rsquo;un des termes des pr\u00e9sentes Conditions d&rsquo;utilisation est jug\u00e9 inapplicable \u00e0 quelque titre que ce soit par une autorit\u00e9 judiciaire comp\u00e9tente, la validit\u00e9 du reste des pr\u00e9sentes Conditions d&rsquo;utilisation n&rsquo;en sera pas affect\u00e9e, \u00e0 condition que cette inapplicabilit\u00e9 n&rsquo;affecte pas mat\u00e9riellement les droits des parties en vertu des pr\u00e9sentes Conditions. utile.<\/p>\t\t\t\t\t\t\t\t<\/div>\n\t\t\t\t<\/div>\n\t\t\t\t\t<\/div>\n\t\t\t\t<\/div>\n\t\t\t\t<\/div>\n\t\t","protected":false},"excerpt":{"rendered":"<p>Conditions d&rsquo;utilisation de Kido Protect Aper\u00e7u Voici les conditions d&rsquo;utilisation entre vous et Kido Protect. (\u00ab\u00a0Kido Protect\u00a0\u00bb, \u00ab\u00a0Soci\u00e9t\u00e9\u00a0\u00bb, \u00ab\u00a0nous\u00a0\u00bb ou \u00ab\u00a0notre\u00a0\u00bb). Les termes et conditions suivants, ainsi que toutes les politiques incorpor\u00e9es par r\u00e9f\u00e9rence (collectivement, ces \u00ab\u00a0Conditions d&rsquo;utilisation), r\u00e9gissent votre acc\u00e8s et votre utilisation des www.KidoProtect.comtous ses sous-domaines et tous les autres sites Web d\u00e9tenus, [&hellip;]<\/p>\n","protected":false},"author":1,"featured_media":0,"parent":0,"menu_order":0,"comment_status":"closed","ping_status":"closed","template":"","meta":{"_monsterinsights_skip_tracking":false,"_monsterinsights_sitenote_active":false,"_monsterinsights_sitenote_note":"","_monsterinsights_sitenote_category":0,"footnotes":""},"class_list":["post-353","page","type-page","status-publish","hentry"],"_links":{"self":[{"href":"https:\/\/www.kidoprotect.com\/fr\/wp-json\/wp\/v2\/pages\/353","targetHints":{"allow":["GET"]}}],"collection":[{"href":"https:\/\/www.kidoprotect.com\/fr\/wp-json\/wp\/v2\/pages"}],"about":[{"href":"https:\/\/www.kidoprotect.com\/fr\/wp-json\/wp\/v2\/types\/page"}],"author":[{"embeddable":true,"href":"https:\/\/www.kidoprotect.com\/fr\/wp-json\/wp\/v2\/users\/1"}],"replies":[{"embeddable":true,"href":"https:\/\/www.kidoprotect.com\/fr\/wp-json\/wp\/v2\/comments?post=353"}],"version-history":[{"count":23,"href":"https:\/\/www.kidoprotect.com\/fr\/wp-json\/wp\/v2\/pages\/353\/revisions"}],"predecessor-version":[{"id":27140,"href":"https:\/\/www.kidoprotect.com\/fr\/wp-json\/wp\/v2\/pages\/353\/revisions\/27140"}],"wp:attachment":[{"href":"https:\/\/www.kidoprotect.com\/fr\/wp-json\/wp\/v2\/media?parent=353"}],"curies":[{"name":"wp","href":"https:\/\/api.w.org\/{rel}","templated":true}]}}