{"id":303,"date":"2021-10-12T10:25:24","date_gmt":"2021-10-12T10:25:24","guid":{"rendered":"http:\/\/localhost\/kido\/accueil\/"},"modified":"2022-12-19T15:49:19","modified_gmt":"2022-12-19T15:49:19","slug":"accueil","status":"publish","type":"page","link":"https:\/\/www.kidoprotect.com\/fr\/accueil\/","title":{"rendered":"Accueil"},"content":{"rendered":"<h1>Meilleure application de contr\u00f4le parental Android pour les enfants, satisfaction garantie.<\/h1>\n<p class=\"small\">Rapports en temps r\u00e9el, riche liste de fonctionnalit\u00e9s utiles (surveillance du temps d\u2019\u00e9cran, surveillance des applications, surveillance des m\u00e9dias sociaux, filtrage Internet et Web, surveillance des appels et des SMS, localisation et g\u00e9orep\u00e9rage, fonction SOS, gestion des t\u00e2ches, surveillance YouTube, enregistreur de frappe, enregistrement d\u2019\u00e9cran, d\u00e9tection de nudit\u00e9 et bien plus encore &#8230;), avec un contr\u00f4le total des appareils de votre enfant.<\/p>\n<p class=\"medium\">Soyez plus assur\u00e9 de la s\u00e9curit\u00e9 et du bien-\u00eatre de votre enfant sur Internet.<br \/>Leur s\u00e9curit\u00e9 et leur bien-\u00eatre sont notre objectif. <strong>Nous prenons enti\u00e8rement en charge la s\u00e9curit\u00e9 en ligne de votre enfant. Toutes vos pr\u00e9occupations parentales sous un m\u00eame toit.<\/strong><\/p>\n","protected":false},"excerpt":{"rendered":"<p>Meilleure application de contr\u00f4le parental Android pour les enfants, satisfaction garantie. Rapports en temps r\u00e9el, riche liste de fonctionnalit\u00e9s utiles (surveillance du temps d\u2019\u00e9cran, surveillance des applications, surveillance des m\u00e9dias sociaux, filtrage Internet et Web, surveillance des appels et des SMS, localisation et g\u00e9orep\u00e9rage, fonction SOS, gestion des t\u00e2ches, surveillance YouTube, enregistreur de frappe, enregistrement [&hellip;]<\/p>\n","protected":false},"author":1,"featured_media":3187,"parent":0,"menu_order":0,"comment_status":"closed","ping_status":"closed","template":"","meta":{"_monsterinsights_skip_tracking":false,"_monsterinsights_sitenote_active":false,"_monsterinsights_sitenote_note":"","_monsterinsights_sitenote_category":0,"footnotes":""},"class_list":["post-303","page","type-page","status-publish","has-post-thumbnail","hentry"],"_links":{"self":[{"href":"https:\/\/www.kidoprotect.com\/fr\/wp-json\/wp\/v2\/pages\/303","targetHints":{"allow":["GET"]}}],"collection":[{"href":"https:\/\/www.kidoprotect.com\/fr\/wp-json\/wp\/v2\/pages"}],"about":[{"href":"https:\/\/www.kidoprotect.com\/fr\/wp-json\/wp\/v2\/types\/page"}],"author":[{"embeddable":true,"href":"https:\/\/www.kidoprotect.com\/fr\/wp-json\/wp\/v2\/users\/1"}],"replies":[{"embeddable":true,"href":"https:\/\/www.kidoprotect.com\/fr\/wp-json\/wp\/v2\/comments?post=303"}],"version-history":[{"count":15,"href":"https:\/\/www.kidoprotect.com\/fr\/wp-json\/wp\/v2\/pages\/303\/revisions"}],"predecessor-version":[{"id":4505,"href":"https:\/\/www.kidoprotect.com\/fr\/wp-json\/wp\/v2\/pages\/303\/revisions\/4505"}],"wp:featuredmedia":[{"embeddable":true,"href":"https:\/\/www.kidoprotect.com\/fr\/wp-json\/wp\/v2\/media\/3187"}],"wp:attachment":[{"href":"https:\/\/www.kidoprotect.com\/fr\/wp-json\/wp\/v2\/media?parent=303"}],"curies":[{"name":"wp","href":"https:\/\/api.w.org\/{rel}","templated":true}]}}