{"id":2258,"date":"2022-01-04T11:02:15","date_gmt":"2022-01-04T11:02:15","guid":{"rendered":"https:\/\/www.kidoprotect.com\/mot-de-passe-oublie\/"},"modified":"2024-03-06T10:48:46","modified_gmt":"2024-03-06T10:48:46","slug":"mot-de-passe-oublie","status":"publish","type":"page","link":"https:\/\/www.kidoprotect.com\/fr\/mot-de-passe-oublie\/","title":{"rendered":"Mot de passe oubli\u00e9"},"content":{"rendered":"<h2 style=\"text-align: center;\">Mot de passe oubli\u00e9<\/h2>\n<p style=\"text-align: center;\">Veuillez saisir l&rsquo;adresse e-mail utilis\u00e9e pour cr\u00e9er votre compte kido Protect.<\/p>\n","protected":false},"excerpt":{"rendered":"<p>Mot de passe oubli\u00e9 Veuillez saisir l&rsquo;adresse e-mail utilis\u00e9e pour cr\u00e9er votre compte kido Protect.<\/p>\n","protected":false},"author":1,"featured_media":0,"parent":0,"menu_order":0,"comment_status":"closed","ping_status":"closed","template":"forget-password.php","meta":{"_monsterinsights_skip_tracking":false,"_monsterinsights_sitenote_active":false,"_monsterinsights_sitenote_note":"","_monsterinsights_sitenote_category":0,"footnotes":""},"class_list":["post-2258","page","type-page","status-publish","hentry"],"_links":{"self":[{"href":"https:\/\/www.kidoprotect.com\/fr\/wp-json\/wp\/v2\/pages\/2258","targetHints":{"allow":["GET"]}}],"collection":[{"href":"https:\/\/www.kidoprotect.com\/fr\/wp-json\/wp\/v2\/pages"}],"about":[{"href":"https:\/\/www.kidoprotect.com\/fr\/wp-json\/wp\/v2\/types\/page"}],"author":[{"embeddable":true,"href":"https:\/\/www.kidoprotect.com\/fr\/wp-json\/wp\/v2\/users\/1"}],"replies":[{"embeddable":true,"href":"https:\/\/www.kidoprotect.com\/fr\/wp-json\/wp\/v2\/comments?post=2258"}],"version-history":[{"count":3,"href":"https:\/\/www.kidoprotect.com\/fr\/wp-json\/wp\/v2\/pages\/2258\/revisions"}],"predecessor-version":[{"id":18840,"href":"https:\/\/www.kidoprotect.com\/fr\/wp-json\/wp\/v2\/pages\/2258\/revisions\/18840"}],"wp:attachment":[{"href":"https:\/\/www.kidoprotect.com\/fr\/wp-json\/wp\/v2\/media?parent=2258"}],"curies":[{"name":"wp","href":"https:\/\/api.w.org\/{rel}","templated":true}]}}