{"id":24705,"date":"2024-08-05T11:53:21","date_gmt":"2024-08-05T11:53:21","guid":{"rendered":"https:\/\/www.kidoprotect.com\/nuestros-socios\/"},"modified":"2024-11-07T13:14:39","modified_gmt":"2024-11-07T13:14:39","slug":"nuestros-socios","status":"publish","type":"page","link":"https:\/\/www.kidoprotect.com\/es\/nuestros-socios\/","title":{"rendered":"Nuestros socios"},"content":{"rendered":"\t\t<div data-elementor-type=\"wp-page\" data-elementor-id=\"24705\" class=\"elementor elementor-24705 elementor-24373\" data-elementor-post-type=\"page\">\n\t\t\t\t\t\t<section data-section-luminosity=\"dark\" class=\"elementor-section elementor-top-section elementor-element elementor-element-8019859 elementor-section-boxed elementor-section-height-default elementor-section-height-default\" data-id=\"8019859\" data-element_type=\"section\" data-settings=\"{&quot;background_background&quot;:&quot;classic&quot;}\">\n\t\t\t\t\t\t\t<div class=\"elementor-background-overlay\"><\/div>\n\t\t\t\t\t\t\t<div class=\"elementor-container elementor-column-gap-no\">\n\t\t\t\t\t<div class=\"elementor-column elementor-col-100 elementor-top-column elementor-element elementor-element-4a2a59b bg-border-raduce\" data-id=\"4a2a59b\" data-element_type=\"column\" data-settings=\"{&quot;background_background&quot;:&quot;classic&quot;}\">\n\t\t\t<div class=\"elementor-widget-wrap elementor-element-populated\">\n\t\t\t\t\t\t<div class=\"elementor-element elementor-element-09b89b8 elementor-widget elementor-widget-heading\" data-id=\"09b89b8\" data-element_type=\"widget\" data-widget_type=\"heading.default\">\n\t\t\t\t<div class=\"elementor-widget-container\">\n\t\t\t\t\t<h1 class=\"elementor-heading-title elementor-size-default\">Nuestros socios de confianza<\/h1>\t\t\t\t<\/div>\n\t\t\t\t<\/div>\n\t\t\t\t<div class=\"elementor-element elementor-element-7912da7 elementor-widget elementor-widget-hub_fancy_heading\" data-id=\"7912da7\" data-element_type=\"widget\" data-widget_type=\"hub_fancy_heading.default\">\n\t\t\t\t<div class=\"elementor-widget-container\">\n\t\t\t\t\t\n\t\t<div id=\"ld-fancy-heading-69f099093796e\" class=\"ld-fancy-heading pos-rel\">\n\t\t\t<p class=\"ld-fh-element d-inline-block pos-rel  lqd-highlight-classic lqd-highlight-grow-left p\"  > En Kido Protect, damos prioridad a la seguridad y el bienestar de los ni\u00f1os en la era digital.\nTenemos el honor de asociarnos con marcas l\u00edderes de telefon\u00eda m\u00f3vil para integrar nuestras fiables soluciones de control parental en sus dispositivos.\nNuestra asociaci\u00f3n con Condor y las marcas de m\u00f3viles ACE subraya su compromiso de ofrecer experiencias digitales seguras a las familias.    <\/p>\t\t<\/div>\n\n\t\t\t\t\t\t<\/div>\n\t\t\t\t<\/div>\n\t\t\t\t<div class=\"elementor-element elementor-element-37b241c elementor-widget elementor-widget-heading\" data-id=\"37b241c\" data-element_type=\"widget\" data-widget_type=\"heading.default\">\n\t\t\t\t<div class=\"elementor-widget-container\">\n\t\t\t\t\t<h2 class=\"elementor-heading-title elementor-size-default\">Consigue 1 A\u00f1o de Kido Protect gratis con estas marcas  <\/h2>\t\t\t\t<\/div>\n\t\t\t\t<\/div>\n\t\t\t\t<section class=\"elementor-section elementor-inner-section elementor-element elementor-element-b678578 elementor-section-content-middle elementor-reverse-mobile elementor-section-boxed elementor-section-height-default elementor-section-height-default\" data-id=\"b678578\" data-element_type=\"section\" data-settings=\"{&quot;background_background&quot;:&quot;classic&quot;}\">\n\t\t\t\t\t\t<div class=\"elementor-container elementor-column-gap-default\">\n\t\t\t\t\t<div class=\"elementor-column elementor-col-25 elementor-inner-column elementor-element elementor-element-5138af3\" data-id=\"5138af3\" data-element_type=\"column\">\n\t\t\t<div class=\"elementor-widget-wrap\">\n\t\t\t\t\t\t\t<\/div>\n\t\t<\/div>\n\t\t\t\t<div class=\"elementor-column elementor-col-25 elementor-inner-column elementor-element elementor-element-ec13fac\" data-id=\"ec13fac\" data-element_type=\"column\">\n\t\t\t<div class=\"elementor-widget-wrap elementor-element-populated\">\n\t\t\t\t\t\t<div class=\"elementor-element elementor-element-eae496a elementor-widget__width-initial elementor-widget elementor-widget-image\" data-id=\"eae496a\" data-element_type=\"widget\" data-widget_type=\"image.default\">\n\t\t\t\t<div class=\"elementor-widget-container\">\n\t\t\t\t\t\t\t\t\t\t\t\t\t\t\t<img fetchpriority=\"high\" decoding=\"async\" width=\"809\" height=\"309\" src=\"https:\/\/www.kidoprotect.com\/wp-content\/uploads\/2024\/09\/Condor-Logo.pdf.png\" class=\"attachment-full size-full wp-image-25037\" alt=\"\" srcset=\"https:\/\/www.kidoprotect.com\/wp-content\/uploads\/2024\/09\/Condor-Logo.pdf.png 809w, https:\/\/www.kidoprotect.com\/wp-content\/uploads\/2024\/09\/Condor-Logo.pdf-300x115.png 300w\" sizes=\"(max-width: 809px) 100vw, 809px\" \/>\t\t\t\t\t\t\t\t\t\t\t\t\t\t\t<\/div>\n\t\t\t\t<\/div>\n\t\t\t\t<div class=\"elementor-element elementor-element-91416c4 elementor-widget elementor-widget-heading\" data-id=\"91416c4\" data-element_type=\"widget\" data-widget_type=\"heading.default\">\n\t\t\t\t<div class=\"elementor-widget-container\">\n\t\t\t\t\t<h3 class=\"elementor-heading-title elementor-size-default\">Electr\u00f3nica Condor<\/h3>\t\t\t\t<\/div>\n\t\t\t\t<\/div>\n\t\t\t\t<div class=\"elementor-element elementor-element-b743c28 elementor-widget elementor-widget-hub_fancy_heading\" data-id=\"b743c28\" data-element_type=\"widget\" data-widget_type=\"hub_fancy_heading.default\">\n\t\t\t\t<div class=\"elementor-widget-container\">\n\t\t\t\t\t\n\t\t<div id=\"ld-fancy-heading-69f0990937e9f\" class=\"ld-fancy-heading pos-rel\">\n\t\t\t<p class=\"ld-fh-element d-inline-block pos-rel  lqd-highlight-classic lqd-highlight-grow-left p\"  > Condor es una marca de m\u00f3viles con sede en el norte de \u00c1frica y Egipto, que inici\u00f3 su actividad en 2013 con m\u00e1s de 4 millones de dispositivos cada a\u00f1o.  <\/p>\t\t<\/div>\n\n\t\t\t\t\t\t<\/div>\n\t\t\t\t<\/div>\n\t\t\t\t<div class=\"elementor-element elementor-element-f3f3113 elementor-widget elementor-widget-hub_fancy_heading\" data-id=\"f3f3113\" data-element_type=\"widget\" data-widget_type=\"hub_fancy_heading.default\">\n\t\t\t\t<div class=\"elementor-widget-container\">\n\t\t\t\t\t\n\t\t<div id=\"ld-fancy-heading-69f099093833c\" class=\"ld-fancy-heading pos-rel\">\n\t\t\t<p class=\"ld-fh-element d-inline-block pos-rel  lqd-highlight-classic lqd-highlight-grow-left p\"  > Para m\u00e1s informaci\u00f3n <a href=\"https:\/\/www.condor.dz\" style=\"color:#66B5FF;font-weight:700\" target=\"_blank\" rel=\"noopener\">, haz clic aqu\u00ed<\/a>\n\n\n<\/p>\t\t<\/div>\n\n\t\t\t\t\t\t<\/div>\n\t\t\t\t<\/div>\n\t\t\t\t<div class=\"elementor-element elementor-element-2edd40a elementor-shape-rounded elementor-grid-0 e-grid-align-center elementor-widget elementor-widget-social-icons\" data-id=\"2edd40a\" data-element_type=\"widget\" data-widget_type=\"social-icons.default\">\n\t\t\t\t<div class=\"elementor-widget-container\">\n\t\t\t\t\t\t\t<div class=\"elementor-social-icons-wrapper elementor-grid\" role=\"list\">\n\t\t\t\t\t\t\t<span class=\"elementor-grid-item\" role=\"listitem\">\n\t\t\t\t\t<a class=\"elementor-icon elementor-social-icon elementor-social-icon-globe-africa elementor-repeater-item-8bb78a7\" href=\"http:\/\/www.condor.dz\" target=\"_blank\" rel=\"noopener\">\n\t\t\t\t\t\t<span class=\"elementor-screen-only\">Globe-africa<\/span>\n\t\t\t\t\t\t<i aria-hidden=\"true\" class=\"fas fa-globe-africa\"><\/i>\t\t\t\t\t<\/a>\n\t\t\t\t<\/span>\n\t\t\t\t\t\t\t<span class=\"elementor-grid-item\" role=\"listitem\">\n\t\t\t\t\t<a class=\"elementor-icon elementor-social-icon elementor-social-icon-facebook elementor-repeater-item-2c78011\" href=\"https:\/\/www.facebook.com\/CondorMobileDZ\/\" target=\"_blank\" rel=\"noopener\">\n\t\t\t\t\t\t<span class=\"elementor-screen-only\">Facebook<\/span>\n\t\t\t\t\t\t<i aria-hidden=\"true\" class=\"fab fa-facebook\"><\/i>\t\t\t\t\t<\/a>\n\t\t\t\t<\/span>\n\t\t\t\t\t\t\t<span class=\"elementor-grid-item\" role=\"listitem\">\n\t\t\t\t\t<a class=\"elementor-icon elementor-social-icon elementor-social-icon-linkedin elementor-repeater-item-089b39c\" href=\"https:\/\/www.linkedin.com\/company\/condor-algerie\/\" target=\"_blank\" rel=\"noopener\">\n\t\t\t\t\t\t<span class=\"elementor-screen-only\">Linkedin<\/span>\n\t\t\t\t\t\t<i aria-hidden=\"true\" class=\"fab fa-linkedin\"><\/i>\t\t\t\t\t<\/a>\n\t\t\t\t<\/span>\n\t\t\t\t\t<\/div>\n\t\t\t\t\t\t<\/div>\n\t\t\t\t<\/div>\n\t\t\t\t\t<\/div>\n\t\t<\/div>\n\t\t\t\t<div class=\"elementor-column elementor-col-25 elementor-inner-column elementor-element elementor-element-a475b01\" data-id=\"a475b01\" data-element_type=\"column\">\n\t\t\t<div class=\"elementor-widget-wrap elementor-element-populated\">\n\t\t\t\t\t\t<div class=\"elementor-element elementor-element-c50ea7c elementor-widget__width-initial elementor-widget elementor-widget-image\" data-id=\"c50ea7c\" data-element_type=\"widget\" data-widget_type=\"image.default\">\n\t\t\t\t<div class=\"elementor-widget-container\">\n\t\t\t\t\t\t\t\t\t\t\t\t\t\t\t<img decoding=\"async\" width=\"300\" height=\"300\" src=\"data:image\/svg+xml;charset=utf-8,%3Csvg xmlns%3D&#039;http%3A%2F%2Fwww.w3.org%2F2000%2Fsvg&#039; viewBox%3D&#039;0 0 300 300&#039;%2F%3E\" class=\"attachment-medium size-medium wp-image-24384 ld-lazyload\" alt=\"\" data-src=\"https:\/\/www.kidoprotect.com\/wp-content\/uploads\/2024\/08\/447670568_761904362773870_5893708319139221303_n-300x300.jpg\" data-srcset=\"https:\/\/www.kidoprotect.com\/wp-content\/uploads\/2024\/08\/447670568_761904362773870_5893708319139221303_n-300x300.jpg 300w, https:\/\/www.kidoprotect.com\/wp-content\/uploads\/2024\/08\/447670568_761904362773870_5893708319139221303_n-1024x1024.jpg 1024w, https:\/\/www.kidoprotect.com\/wp-content\/uploads\/2024\/08\/447670568_761904362773870_5893708319139221303_n-150x150.jpg 150w, https:\/\/www.kidoprotect.com\/wp-content\/uploads\/2024\/08\/447670568_761904362773870_5893708319139221303_n-1536x1536.jpg 1536w, https:\/\/www.kidoprotect.com\/wp-content\/uploads\/2024\/08\/447670568_761904362773870_5893708319139221303_n.jpg 2048w, https:\/\/www.kidoprotect.com\/wp-content\/uploads\/2024\/08\/447670568_761904362773870_5893708319139221303_n-320x320.jpg 320w, https:\/\/www.kidoprotect.com\/wp-content\/uploads\/2024\/08\/447670568_761904362773870_5893708319139221303_n-760x760.jpg 760w\" data-sizes=\"(max-width: 300px) 100vw, 300px\" data-aspect=\"1\" \/>\t\t\t\t\t\t\t\t\t\t\t\t\t\t\t<\/div>\n\t\t\t\t<\/div>\n\t\t\t\t<div class=\"elementor-element elementor-element-1e0f161 elementor-widget elementor-widget-heading\" data-id=\"1e0f161\" data-element_type=\"widget\" data-widget_type=\"heading.default\">\n\t\t\t\t<div class=\"elementor-widget-container\">\n\t\t\t\t\t<h3 class=\"elementor-heading-title elementor-size-default\">Ace M\u00f3vil  <\/h3>\t\t\t\t<\/div>\n\t\t\t\t<\/div>\n\t\t\t\t<div class=\"elementor-element elementor-element-e21554d elementor-widget elementor-widget-hub_fancy_heading\" data-id=\"e21554d\" data-element_type=\"widget\" data-widget_type=\"hub_fancy_heading.default\">\n\t\t\t\t<div class=\"elementor-widget-container\">\n\t\t\t\t\t\n\t\t<div id=\"ld-fancy-heading-69f0990938814\" class=\"ld-fancy-heading pos-rel\">\n\t\t\t<p class=\"ld-fh-element d-inline-block pos-rel  lqd-highlight-classic lqd-highlight-grow-left p\"  > Ace Mobile es una marca francesa de telefon\u00eda m\u00f3vil, que existe en muchos pa\u00edses como Francia, \u00c1frica del Norte, Egipto, etc.\nInici\u00f3 su actividad en 2016 con m\u00e1s de 1 mill\u00f3n de dispositivos al a\u00f1o.   <\/p>\t\t<\/div>\n\n\t\t\t\t\t\t<\/div>\n\t\t\t\t<\/div>\n\t\t\t\t<div class=\"elementor-element elementor-element-b409b9a elementor-widget elementor-widget-hub_fancy_heading\" data-id=\"b409b9a\" data-element_type=\"widget\" data-widget_type=\"hub_fancy_heading.default\">\n\t\t\t\t<div class=\"elementor-widget-container\">\n\t\t\t\t\t\n\t\t<div id=\"ld-fancy-heading-69f0990938c40\" class=\"ld-fancy-heading pos-rel\">\n\t\t\t<p class=\"ld-fh-element d-inline-block pos-rel  lqd-highlight-classic lqd-highlight-grow-left p\"  > Para m\u00e1s informaci\u00f3n <a href=\"https:\/\/acemobiles.fr\/\" style=\"color:#66B5FF;font-weight:700\" target=\"_blank\" rel=\"noopener\">, haz clic aqu\u00ed<\/a>\n\n\n<\/p>\t\t<\/div>\n\n\t\t\t\t\t\t<\/div>\n\t\t\t\t<\/div>\n\t\t\t\t<div class=\"elementor-element elementor-element-2ef73e6 elementor-shape-rounded elementor-grid-0 e-grid-align-center elementor-widget elementor-widget-social-icons\" data-id=\"2ef73e6\" data-element_type=\"widget\" data-widget_type=\"social-icons.default\">\n\t\t\t\t<div class=\"elementor-widget-container\">\n\t\t\t\t\t\t\t<div class=\"elementor-social-icons-wrapper elementor-grid\" role=\"list\">\n\t\t\t\t\t\t\t<span class=\"elementor-grid-item\" role=\"listitem\">\n\t\t\t\t\t<a class=\"elementor-icon elementor-social-icon elementor-social-icon-globe-africa elementor-repeater-item-8bb78a7\" href=\"https:\/\/www.acemobile.fr\/en\" target=\"_blank\" rel=\"noopener\">\n\t\t\t\t\t\t<span class=\"elementor-screen-only\">Globe-africa<\/span>\n\t\t\t\t\t\t<i aria-hidden=\"true\" class=\"fas fa-globe-africa\"><\/i>\t\t\t\t\t<\/a>\n\t\t\t\t<\/span>\n\t\t\t\t\t\t\t<span class=\"elementor-grid-item\" role=\"listitem\">\n\t\t\t\t\t<a class=\"elementor-icon elementor-social-icon elementor-social-icon-facebook elementor-repeater-item-2c78011\" href=\"https:\/\/web.facebook.com\/acemobiledz\" target=\"_blank\" rel=\"noopener\">\n\t\t\t\t\t\t<span class=\"elementor-screen-only\">Facebook<\/span>\n\t\t\t\t\t\t<i aria-hidden=\"true\" class=\"fab fa-facebook\"><\/i>\t\t\t\t\t<\/a>\n\t\t\t\t<\/span>\n\t\t\t\t\t\t\t<span class=\"elementor-grid-item\" role=\"listitem\">\n\t\t\t\t\t<a class=\"elementor-icon elementor-social-icon elementor-social-icon-linkedin elementor-repeater-item-089b39c\" href=\"https:\/\/www.linkedin.com\/in\/ace-mobile-alg%C3%A9rie-72a081257\/\" target=\"_blank\" rel=\"noopener\">\n\t\t\t\t\t\t<span class=\"elementor-screen-only\">Linkedin<\/span>\n\t\t\t\t\t\t<i aria-hidden=\"true\" class=\"fab fa-linkedin\"><\/i>\t\t\t\t\t<\/a>\n\t\t\t\t<\/span>\n\t\t\t\t\t<\/div>\n\t\t\t\t\t\t<\/div>\n\t\t\t\t<\/div>\n\t\t\t\t\t<\/div>\n\t\t<\/div>\n\t\t\t\t<div class=\"elementor-column elementor-col-25 elementor-inner-column elementor-element elementor-element-eae9814\" data-id=\"eae9814\" data-element_type=\"column\">\n\t\t\t<div class=\"elementor-widget-wrap\">\n\t\t\t\t\t\t\t<\/div>\n\t\t<\/div>\n\t\t\t\t\t<\/div>\n\t\t<\/section>\n\t\t\t\t<section class=\"elementor-section elementor-inner-section elementor-element elementor-element-9dcb78c elementor-section-content-middle elementor-reverse-mobile elementor-section-boxed elementor-section-height-default elementor-section-height-default\" data-id=\"9dcb78c\" data-element_type=\"section\" data-settings=\"{&quot;background_background&quot;:&quot;classic&quot;}\">\n\t\t\t\t\t\t<div class=\"elementor-container elementor-column-gap-default\">\n\t\t\t\t\t<div class=\"elementor-column elementor-col-50 elementor-inner-column elementor-element elementor-element-5ff7dd0\" data-id=\"5ff7dd0\" data-element_type=\"column\">\n\t\t\t<div class=\"elementor-widget-wrap elementor-element-populated\">\n\t\t\t\t\t\t<div class=\"elementor-element elementor-element-a925e0d elementor-widget elementor-widget-heading\" data-id=\"a925e0d\" data-element_type=\"widget\" data-widget_type=\"heading.default\">\n\t\t\t\t<div class=\"elementor-widget-container\">\n\t\t\t\t\t<h2 class=\"elementor-heading-title elementor-size-default\">\u00bfPor qu\u00e9 unirse a nuestra comunidad?  <\/h2>\t\t\t\t<\/div>\n\t\t\t\t<\/div>\n\t\t\t\t<div class=\"elementor-element elementor-element-46f726a elementor-widget elementor-widget-hub_fancy_heading\" data-id=\"46f726a\" data-element_type=\"widget\" data-widget_type=\"hub_fancy_heading.default\">\n\t\t\t\t<div class=\"elementor-widget-container\">\n\t\t\t\t\t\n\t\t<div id=\"ld-fancy-heading-69f09909390ad\" class=\"ld-fancy-heading pos-rel\">\n\t\t\t<p class=\"ld-fh-element d-inline-block pos-rel  lqd-highlight-classic lqd-highlight-grow-left p\"  > Nuestras asociaciones con las marcas de m\u00f3viles Condor y ACE ponen de relieve la confianza que estos l\u00edderes del sector depositan en Kido Protect.\nNos dedicamos a proporcionar a las familias las mejores herramientas para navegar con seguridad por el mundo digital.   <\/p>\t\t<\/div>\n\n\t\t\t\t\t\t<\/div>\n\t\t\t\t<\/div>\n\t\t\t\t<div class=\"elementor-element elementor-element-ec0127e elementor-widget elementor-widget-heading\" data-id=\"ec0127e\" data-element_type=\"widget\" data-widget_type=\"heading.default\">\n\t\t\t\t<div class=\"elementor-widget-container\">\n\t\t\t\t\t<h3 class=\"elementor-heading-title elementor-size-default\">Beneficios de Kido Protect:  <\/h3>\t\t\t\t<\/div>\n\t\t\t\t<\/div>\n\t\t\t\t<div class=\"elementor-element elementor-element-b777ddd elementor-widget elementor-widget-text-editor\" data-id=\"b777ddd\" data-element_type=\"widget\" data-widget_type=\"text-editor.default\">\n\t\t\t\t<div class=\"elementor-widget-container\">\n\t\t\t\t\t\t\t\t\t<strong>Interfaz f\u00e1cil de usar:<\/strong> Configuraci\u00f3n intuitiva, dise\u00f1ada espec\u00edficamente para padres. <br><strong>Funciones avanzadas:<\/strong> Herramientas completas de supervisi\u00f3n y filtrado de contenidos.<br><strong>Protecci\u00f3n fiable: <\/strong>Garantiza un espacio online seguro y positivo para tu hijo.\t\t\t\t\t\t\t\t<\/div>\n\t\t\t\t<\/div>\n\t\t\t\t\t<\/div>\n\t\t<\/div>\n\t\t\t\t<div class=\"elementor-column elementor-col-50 elementor-inner-column elementor-element elementor-element-1db7c77\" data-id=\"1db7c77\" data-element_type=\"column\">\n\t\t\t<div class=\"elementor-widget-wrap elementor-element-populated\">\n\t\t\t\t\t\t<div class=\"elementor-element elementor-element-5ff9e84 elementor-widget elementor-widget-ld_fancy_image\" data-id=\"5ff9e84\" data-element_type=\"widget\" data-widget_type=\"ld_fancy_image.default\">\n\t\t\t\t<div class=\"elementor-widget-container\">\n\t\t\t\t\t\n\t\t<div class=\"lqd-imggrp-single d-block pos-rel \">\n\t\t\t<div class=\"lqd-imggrp-img-container d-inline-flex pos-rel align-items-center justify-content-center \">\n\t\t\t\t\t\t\t\t<figure class=\"w-100 pos-rel\">\n\t\t\t\t\t<img decoding=\"async\" width=\"300\" height=\"298\" src=\"https:\/\/www.kidoprotect.com\/wp-content\/uploads\/2024\/08\/clipart4733328-300x298.png\" class=\"attachment-medium size-medium wp-image-24386\" alt=\"\" srcset=\"https:\/\/www.kidoprotect.com\/wp-content\/uploads\/2024\/08\/clipart4733328-300x298.png 300w, https:\/\/www.kidoprotect.com\/wp-content\/uploads\/2024\/08\/clipart4733328-150x150.png 150w, https:\/\/www.kidoprotect.com\/wp-content\/uploads\/2024\/08\/clipart4733328.png 1024w\" sizes=\"(max-width: 300px) 100vw, 300px\" itemprop=\"image\" \/>\t\t\t\t\t\t\t\t\t\t\t\t\t\t\t\t\t\t\t\t\t\t\t\t\t\t\t\t\t<\/figure>\n\t\t\t<\/div>\n\t\t<\/div>\n\n\t\t\t\t\t<\/div>\n\t\t\t\t<\/div>\n\t\t\t\t\t<\/div>\n\t\t<\/div>\n\t\t\t\t\t<\/div>\n\t\t<\/section>\n\t\t\t\t<section class=\"elementor-section elementor-inner-section elementor-element elementor-element-881a9d4 elementor-section-content-middle elementor-reverse-mobile elementor-section-boxed elementor-section-height-default elementor-section-height-default\" data-id=\"881a9d4\" data-element_type=\"section\" data-settings=\"{&quot;background_background&quot;:&quot;classic&quot;}\">\n\t\t\t\t\t\t<div class=\"elementor-container elementor-column-gap-default\">\n\t\t\t\t\t<div class=\"elementor-column elementor-col-100 elementor-inner-column elementor-element elementor-element-22e8335\" data-id=\"22e8335\" data-element_type=\"column\">\n\t\t\t<div class=\"elementor-widget-wrap elementor-element-populated\">\n\t\t\t\t\t\t<div class=\"elementor-element elementor-element-91d17c7 elementor-widget elementor-widget-heading\" data-id=\"91d17c7\" data-element_type=\"widget\" data-widget_type=\"heading.default\">\n\t\t\t\t<div class=\"elementor-widget-container\">\n\t\t\t\t\t<h2 class=\"elementor-heading-title elementor-size-default\">\u00bfC\u00f3mo hacerse socio?  <\/h2>\t\t\t\t<\/div>\n\t\t\t\t<\/div>\n\t\t\t\t<div class=\"elementor-element elementor-element-cf589af elementor-widget elementor-widget-hub_fancy_heading\" data-id=\"cf589af\" data-element_type=\"widget\" data-widget_type=\"hub_fancy_heading.default\">\n\t\t\t\t<div class=\"elementor-widget-container\">\n\t\t\t\t\t\n\t\t<div id=\"ld-fancy-heading-69f099093bd2f\" class=\"ld-fancy-heading pos-rel\">\n\t\t\t<p class=\"ld-fh-element d-inline-block pos-rel  lqd-highlight-classic lqd-highlight-grow-left p\"  > Asociarse a Kido Protect es sencillo y directo.\nPara empezar, env\u00eda un correo electr\u00f3nico a contact@kidoprotect.com con el asunto \"Asociaci\u00f3n\".\nIncluye tus datos de contacto y una breve descripci\u00f3n de tu organizaci\u00f3n.\nNuestro equipo revisar\u00e1 tu informaci\u00f3n y se pondr\u00e1 en contacto contigo para indicarte los pasos a seguir.     <\/p>\t\t<\/div>\n\n\t\t\t\t\t\t<\/div>\n\t\t\t\t<\/div>\n\t\t\t\t\t<\/div>\n\t\t<\/div>\n\t\t\t\t\t<\/div>\n\t\t<\/section>\n\t\t\t\t\t<\/div>\n\t\t<\/div>\n\t\t\t\t\t<\/div>\n\t\t<\/section>\n\t\t\t\t<\/div>\n\t\t","protected":false},"excerpt":{"rendered":"<p>Nuestros socios de confianza En Kido Protect, damos prioridad a la seguridad y el bienestar de los ni\u00f1os en la era digital. Tenemos el honor de asociarnos con marcas l\u00edderes de telefon\u00eda m\u00f3vil para integrar nuestras fiables soluciones de control parental en sus dispositivos. Nuestra asociaci\u00f3n con Condor y las marcas de m\u00f3viles ACE subraya [&hellip;]<\/p>\n","protected":false},"author":11,"featured_media":0,"parent":0,"menu_order":0,"comment_status":"closed","ping_status":"closed","template":"","meta":{"_monsterinsights_skip_tracking":false,"_monsterinsights_sitenote_active":false,"_monsterinsights_sitenote_note":"","_monsterinsights_sitenote_category":0,"footnotes":""},"class_list":["post-24705","page","type-page","status-publish","hentry"],"_links":{"self":[{"href":"https:\/\/www.kidoprotect.com\/es\/wp-json\/wp\/v2\/pages\/24705","targetHints":{"allow":["GET"]}}],"collection":[{"href":"https:\/\/www.kidoprotect.com\/es\/wp-json\/wp\/v2\/pages"}],"about":[{"href":"https:\/\/www.kidoprotect.com\/es\/wp-json\/wp\/v2\/types\/page"}],"author":[{"embeddable":true,"href":"https:\/\/www.kidoprotect.com\/es\/wp-json\/wp\/v2\/users\/11"}],"replies":[{"embeddable":true,"href":"https:\/\/www.kidoprotect.com\/es\/wp-json\/wp\/v2\/comments?post=24705"}],"version-history":[{"count":9,"href":"https:\/\/www.kidoprotect.com\/es\/wp-json\/wp\/v2\/pages\/24705\/revisions"}],"predecessor-version":[{"id":26616,"href":"https:\/\/www.kidoprotect.com\/es\/wp-json\/wp\/v2\/pages\/24705\/revisions\/26616"}],"wp:attachment":[{"href":"https:\/\/www.kidoprotect.com\/es\/wp-json\/wp\/v2\/media?parent=24705"}],"curies":[{"name":"wp","href":"https:\/\/api.w.org\/{rel}","templated":true}]}}