{"id":24203,"date":"2024-07-29T09:52:24","date_gmt":"2024-07-29T09:52:24","guid":{"rendered":"https:\/\/www.kidoprotect.com\/descargar-para-inscribirte\/"},"modified":"2024-08-01T08:36:29","modified_gmt":"2024-08-01T08:36:29","slug":"descargar-para-inscribirte","status":"publish","type":"page","link":"https:\/\/www.kidoprotect.com\/es\/descargar-para-inscribirte\/","title":{"rendered":"Descargar PARA INSCRIBIRTE"},"content":{"rendered":"\t\t<div data-elementor-type=\"wp-page\" data-elementor-id=\"24203\" class=\"elementor elementor-24203 elementor-24085\" data-elementor-post-type=\"page\">\n\t\t\t\t\t\t<section data-section-luminosity=\"dark\" class=\"elementor-section elementor-top-section elementor-element elementor-element-b6dde6f elementor-section-boxed elementor-section-height-default elementor-section-height-default\" data-id=\"b6dde6f\" data-element_type=\"section\" data-settings=\"{&quot;background_background&quot;:&quot;classic&quot;}\">\n\t\t\t\t\t\t\t<div class=\"elementor-background-overlay\"><\/div>\n\t\t\t\t\t\t\t<div class=\"elementor-container elementor-column-gap-no\">\n\t\t\t\t\t<div class=\"elementor-column elementor-col-100 elementor-top-column elementor-element elementor-element-b34bc17\" data-id=\"b34bc17\" data-element_type=\"column\" data-settings=\"{&quot;background_background&quot;:&quot;classic&quot;}\">\n\t\t\t<div class=\"elementor-widget-wrap elementor-element-populated\">\n\t\t\t\t\t\t<div class=\"elementor-element elementor-element-a69038d elementor-widget__width-initial elementor-widget-mobile__width-inherit elementor-widget elementor-widget-hub_fancy_heading\" data-id=\"a69038d\" data-element_type=\"widget\" data-widget_type=\"hub_fancy_heading.default\">\n\t\t\t\t<div class=\"elementor-widget-container\">\n\t\t\t\t\t\n\t\t<div id=\"ld-fancy-heading-69e88ee05af7e\" class=\"ld-fancy-heading pos-rel\">\n\t\t\t<p class=\"ld-fh-element d-inline-block pos-rel  lqd-highlight-classic lqd-highlight-grow-left p\"  > \u00a1Empieza con Kido Protect!  <br>Desc\u00e1rgate la aplicaci\u00f3n e inscr\u00edbete hoy haciendo clic en el bot\u00f3n de abajo.<\/p>\t\t<\/div>\n\n\t\t\t\t\t\t<\/div>\n\t\t\t\t<\/div>\n\t\t\t\t\t<\/div>\n\t\t<\/div>\n\t\t\t\t\t<\/div>\n\t\t<\/section>\n\t\t\t\t<section data-section-luminosity=\"dark\" class=\"elementor-section elementor-top-section elementor-element elementor-element-7cc9bc1 elementor-section-boxed elementor-section-height-default elementor-section-height-default\" data-id=\"7cc9bc1\" data-element_type=\"section\" data-settings=\"{&quot;background_background&quot;:&quot;classic&quot;}\">\n\t\t\t\t\t\t\t<div class=\"elementor-background-overlay\"><\/div>\n\t\t\t\t\t\t\t<div class=\"elementor-container elementor-column-gap-no\">\n\t\t\t\t\t<div class=\"elementor-column elementor-col-100 elementor-top-column elementor-element elementor-element-56586f7\" data-id=\"56586f7\" data-element_type=\"column\">\n\t\t\t<div class=\"elementor-widget-wrap elementor-element-populated\">\n\t\t\t\t\t\t<div class=\"elementor-element elementor-element-23c13b6 elementor-widget elementor-widget-hub_fancy_heading\" data-id=\"23c13b6\" data-element_type=\"widget\" data-widget_type=\"hub_fancy_heading.default\">\n\t\t\t\t<div class=\"elementor-widget-container\">\n\t\t\t\t\t\n\t\t<div id=\"ld-fancy-heading-69e88ee05b529\" class=\"ld-fancy-heading pos-rel\">\n\t\t\t<p class=\"ld-fh-element d-inline-block pos-rel  lqd-highlight-classic lqd-highlight-grow-left p\"  > \u00bfYa eres miembro?<a href=\"https:\/\/www.kidoprotect.com\/es\/account\/\">  Iniciar sesi\u00f3n  <\/a> \n<\/p>\t\t<\/div>\n\n\t\t\t\t\t\t<\/div>\n\t\t\t\t<\/div>\n\t\t\t\t<section class=\"elementor-section elementor-inner-section elementor-element elementor-element-d661abf elementor-section-content-middle elementor-reverse-tablet elementor-reverse-mobile elementor-section-height-min-height elementor-section-boxed elementor-section-height-default\" data-id=\"d661abf\" data-element_type=\"section\" data-settings=\"{&quot;background_background&quot;:&quot;classic&quot;}\">\n\t\t\t\t\t\t<div class=\"elementor-container elementor-column-gap-default\">\n\t\t\t\t\t<div class=\"elementor-column elementor-col-50 elementor-inner-column elementor-element elementor-element-597dcfb\" data-id=\"597dcfb\" data-element_type=\"column\" data-settings=\"{&quot;background_background&quot;:&quot;classic&quot;}\">\n\t\t\t<div class=\"elementor-widget-wrap elementor-element-populated\">\n\t\t\t\t\t\t<div class=\"elementor-element elementor-element-90fd083 elementor-widget__width-initial elementor-widget elementor-widget-hub_fancy_heading\" data-id=\"90fd083\" data-element_type=\"widget\" data-widget_type=\"hub_fancy_heading.default\">\n\t\t\t\t<div class=\"elementor-widget-container\">\n\t\t\t\t\t\n\t\t<div id=\"ld-fancy-heading-69e88ee05b9e5\" class=\"ld-fancy-heading pos-rel\">\n\t\t\t<h3 class=\"ld-fh-element d-inline-block pos-rel  elementor-heading-title lqd-highlight-classic lqd-highlight-grow-left h3\"  > Consigue Kido Protect<br> para tu dispositivo<\/h3>\t\t<\/div>\n\n\t\t\t\t\t\t<\/div>\n\t\t\t\t<\/div>\n\t\t\t\t<div class=\"elementor-element elementor-element-f37b45e elementor-widget__width-initial elementor-widget elementor-widget-hub_fancy_heading\" data-id=\"f37b45e\" data-element_type=\"widget\" data-widget_type=\"hub_fancy_heading.default\">\n\t\t\t\t<div class=\"elementor-widget-container\">\n\t\t\t\t\t\n\t\t<div id=\"ld-fancy-heading-69e88ee05beb6\" class=\"ld-fancy-heading pos-rel\">\n\t\t\t<p class=\"ld-fh-element d-inline-block pos-rel  lqd-highlight-classic lqd-highlight-grow-left p\"  > Asumimos toda la responsabilidad de la seguridad online de tu hijo,<br> consolidando todas tus preocupaciones parentales bajo un mismo paraguas.  <\/p>\t\t<\/div>\n\n\t\t\t\t\t\t<\/div>\n\t\t\t\t<\/div>\n\t\t\t\t<div class=\"elementor-element elementor-element-b344a30 elementor-align-left elementor-widget__width-auto elementor-widget elementor-widget-ld_button\" data-id=\"b344a30\" data-element_type=\"widget\" data-widget_type=\"ld_button.default\">\n\t\t\t\t<div class=\"elementor-widget-container\">\n\t\t\t\t\t\n\t\t\t<a href=\"https:\/\/play.google.com\/store\/apps\/details?id=com.kidoprotect.app\" class=\"elementor-button btn btn-solid btn-custom-size btn-icon-shaped btn-no-label\" target=\"_blank\" rel=\"noopener\">\n\t\t\t\t\t\t\t\t\t\t\t<\/a>\n\t\t\t\t\t\t\t<\/div>\n\t\t\t\t<\/div>\n\t\t\t\t<div class=\"elementor-element elementor-element-50b6d28 elementor-align-left elementor-widget__width-auto elementor-widget elementor-widget-ld_button\" data-id=\"50b6d28\" data-element_type=\"widget\" data-widget_type=\"ld_button.default\">\n\t\t\t\t<div class=\"elementor-widget-container\">\n\t\t\t\t\t\n\t\t\t<a\n\t\t\t\thref=\"#elementor-action%3Aaction%3Dpopup%3Aopen%26settings%3DeyJpZCI6MTUwNzYsInRvZ2dsZSI6ZmFsc2V9\"class=\"elementor-button btn btn-solid btn-custom-size btn-icon-right btn-hover-swp btn-has-label\"\t\t\t>\n\t\t\t\t\t\t\t\t\t<span data-text=\"Descargar\" class=\"btn-txt\">\n\t\t\t\t\t\tDescargar\t\t\t\t\t<\/span>\n\t\t\t\t\t\t\t\t\t\t\t\t\t\t<span class=\"btn-icon\">\n\t\t\t\t\t\t\t<i aria-hidden=\"true\" class=\"lqd-icn-ess icon-md-arrow-forward\"><\/i>\t\t\t\t\t\t<\/span>\n\t\t\t\t\t\t\t\t\t\t\t\t<span class=\"btn-icon\">\n\t\t\t\t\t\t\t<i aria-hidden=\"true\" class=\"lqd-icn-ess icon-md-arrow-forward\"><\/i>\t\t\t\t\t\t<\/span>\n\t\t\t\t\t\t\t\t\t<\/a>\n\t\t\t\t\t\t\t<\/div>\n\t\t\t\t<\/div>\n\t\t\t\t<div class=\"elementor-element elementor-element-fc968a3 elementor-align-center elementor-widget__width-auto elementor-widget elementor-widget-ld_button\" data-id=\"fc968a3\" data-element_type=\"widget\" data-widget_type=\"ld_button.default\">\n\t\t\t\t<div class=\"elementor-widget-container\">\n\t\t\t\t\t\n\t\t\t<a\n\t\t\t\thref=\"#\"class=\"elementor-button btn btn-solid btn-custom-size btn-icon-shaped btn-has-label\"\t\t\t>\n\t\t\t\t\t\t\t\t\t<span data-text=\"Android 10 o superior\" class=\"btn-txt\">\n\t\t\t\t\t\tAndroid 10 o superior\t\t\t\t\t<\/span>\n\t\t\t\t\t\t\t\t\t\t\t<\/a>\n\t\t\t\t\t\t\t<\/div>\n\t\t\t\t<\/div>\n\t\t\t\t\t<\/div>\n\t\t<\/div>\n\t\t\t\t<div class=\"elementor-column elementor-col-50 elementor-inner-column elementor-element elementor-element-c21ab0d\" data-id=\"c21ab0d\" data-element_type=\"column\">\n\t\t\t<div class=\"elementor-widget-wrap elementor-element-populated\">\n\t\t\t\t\t\t<div class=\"elementor-element elementor-element-764a229 elementor-widget elementor-widget-image\" data-id=\"764a229\" data-element_type=\"widget\" data-widget_type=\"image.default\">\n\t\t\t\t<div class=\"elementor-widget-container\">\n\t\t\t\t\t\t\t\t\t\t\t\t\t\t\t<img fetchpriority=\"high\" decoding=\"async\" width=\"780\" height=\"780\" src=\"https:\/\/www.kidoprotect.com\/wp-content\/uploads\/2024\/06\/Brown-Beige-Skincare-New-Product-Instagram-Post-2-1024x1024.png\" class=\"attachment-large size-large wp-image-23520\" alt=\"\" srcset=\"https:\/\/www.kidoprotect.com\/wp-content\/uploads\/2024\/06\/Brown-Beige-Skincare-New-Product-Instagram-Post-2-1024x1024.png 1024w, https:\/\/www.kidoprotect.com\/wp-content\/uploads\/2024\/06\/Brown-Beige-Skincare-New-Product-Instagram-Post-2-300x300.png 300w, https:\/\/www.kidoprotect.com\/wp-content\/uploads\/2024\/06\/Brown-Beige-Skincare-New-Product-Instagram-Post-2-150x150.png 150w, https:\/\/www.kidoprotect.com\/wp-content\/uploads\/2024\/06\/Brown-Beige-Skincare-New-Product-Instagram-Post-2-1536x1536.png 1536w, https:\/\/www.kidoprotect.com\/wp-content\/uploads\/2024\/06\/Brown-Beige-Skincare-New-Product-Instagram-Post-2-320x320.png 320w, https:\/\/www.kidoprotect.com\/wp-content\/uploads\/2024\/06\/Brown-Beige-Skincare-New-Product-Instagram-Post-2-760x760.png 760w, https:\/\/www.kidoprotect.com\/wp-content\/uploads\/2024\/06\/Brown-Beige-Skincare-New-Product-Instagram-Post-2.png 1755w\" sizes=\"(max-width: 780px) 100vw, 780px\" \/>\t\t\t\t\t\t\t\t\t\t\t\t\t\t\t<\/div>\n\t\t\t\t<\/div>\n\t\t\t\t\t<\/div>\n\t\t<\/div>\n\t\t\t\t\t<\/div>\n\t\t<\/section>\n\t\t\t\t\t<\/div>\n\t\t<\/div>\n\t\t\t\t\t<\/div>\n\t\t<\/section>\n\t\t\t\t<\/div>\n\t\t","protected":false},"excerpt":{"rendered":"<p>\u00a1Empieza con Kido Protect! Desc\u00e1rgate la aplicaci\u00f3n e inscr\u00edbete hoy haciendo clic en el bot\u00f3n de abajo. \u00bfYa eres miembro? Iniciar sesi\u00f3n Consigue Kido Protect para tu dispositivo Asumimos toda la responsabilidad de la seguridad online de tu hijo, consolidando todas tus preocupaciones parentales bajo un mismo paraguas. Descargar Android 10 o superior<\/p>\n","protected":false},"author":11,"featured_media":0,"parent":0,"menu_order":0,"comment_status":"closed","ping_status":"closed","template":"elementor_header_footer","meta":{"_monsterinsights_skip_tracking":false,"_monsterinsights_sitenote_active":false,"_monsterinsights_sitenote_note":"","_monsterinsights_sitenote_category":0,"footnotes":""},"class_list":["post-24203","page","type-page","status-publish","hentry"],"_links":{"self":[{"href":"https:\/\/www.kidoprotect.com\/es\/wp-json\/wp\/v2\/pages\/24203","targetHints":{"allow":["GET"]}}],"collection":[{"href":"https:\/\/www.kidoprotect.com\/es\/wp-json\/wp\/v2\/pages"}],"about":[{"href":"https:\/\/www.kidoprotect.com\/es\/wp-json\/wp\/v2\/types\/page"}],"author":[{"embeddable":true,"href":"https:\/\/www.kidoprotect.com\/es\/wp-json\/wp\/v2\/users\/11"}],"replies":[{"embeddable":true,"href":"https:\/\/www.kidoprotect.com\/es\/wp-json\/wp\/v2\/comments?post=24203"}],"version-history":[{"count":1,"href":"https:\/\/www.kidoprotect.com\/es\/wp-json\/wp\/v2\/pages\/24203\/revisions"}],"predecessor-version":[{"id":24204,"href":"https:\/\/www.kidoprotect.com\/es\/wp-json\/wp\/v2\/pages\/24203\/revisions\/24204"}],"wp:attachment":[{"href":"https:\/\/www.kidoprotect.com\/es\/wp-json\/wp\/v2\/media?parent=24203"}],"curies":[{"name":"wp","href":"https:\/\/api.w.org\/{rel}","templated":true}]}}