{"id":2266,"date":"2022-01-04T11:02:15","date_gmt":"2022-01-04T11:02:15","guid":{"rendered":"https:\/\/www.kidoprotect.com\/contrasena-olvidada\/"},"modified":"2024-03-06T10:48:58","modified_gmt":"2024-03-06T10:48:58","slug":"contrasena-olvidada","status":"publish","type":"page","link":"https:\/\/www.kidoprotect.com\/es\/contrasena-olvidada\/","title":{"rendered":"Contrase\u00f1a olvidada"},"content":{"rendered":"<h2 style=\"text-align: center;\">Contrase\u00f1a olvidada<\/h2>\n<p style=\"text-align: center;\">Ingrese la direcci\u00f3n de correo electr\u00f3nico utilizada para crear su cuenta de kido Protect.<\/p>\n","protected":false},"excerpt":{"rendered":"<p>Contrase\u00f1a olvidada Ingrese la direcci\u00f3n de correo electr\u00f3nico utilizada para crear su cuenta de kido Protect.<\/p>\n","protected":false},"author":1,"featured_media":0,"parent":0,"menu_order":0,"comment_status":"closed","ping_status":"closed","template":"forget-password.php","meta":{"_monsterinsights_skip_tracking":false,"_monsterinsights_sitenote_active":false,"_monsterinsights_sitenote_note":"","_monsterinsights_sitenote_category":0,"footnotes":""},"class_list":["post-2266","page","type-page","status-publish","hentry"],"_links":{"self":[{"href":"https:\/\/www.kidoprotect.com\/es\/wp-json\/wp\/v2\/pages\/2266","targetHints":{"allow":["GET"]}}],"collection":[{"href":"https:\/\/www.kidoprotect.com\/es\/wp-json\/wp\/v2\/pages"}],"about":[{"href":"https:\/\/www.kidoprotect.com\/es\/wp-json\/wp\/v2\/types\/page"}],"author":[{"embeddable":true,"href":"https:\/\/www.kidoprotect.com\/es\/wp-json\/wp\/v2\/users\/1"}],"replies":[{"embeddable":true,"href":"https:\/\/www.kidoprotect.com\/es\/wp-json\/wp\/v2\/comments?post=2266"}],"version-history":[{"count":3,"href":"https:\/\/www.kidoprotect.com\/es\/wp-json\/wp\/v2\/pages\/2266\/revisions"}],"predecessor-version":[{"id":18843,"href":"https:\/\/www.kidoprotect.com\/es\/wp-json\/wp\/v2\/pages\/2266\/revisions\/18843"}],"wp:attachment":[{"href":"https:\/\/www.kidoprotect.com\/es\/wp-json\/wp\/v2\/media?parent=2266"}],"curies":[{"name":"wp","href":"https:\/\/api.w.org\/{rel}","templated":true}]}}