{"id":1890,"date":"2021-10-11T06:51:10","date_gmt":"2021-10-11T06:51:10","guid":{"rendered":"https:\/\/www.kidoprotect.com\/terminos-y-condiciones\/"},"modified":"2024-12-12T10:13:33","modified_gmt":"2024-12-12T10:13:33","slug":"terminos-y-condiciones","status":"publish","type":"page","link":"https:\/\/www.kidoprotect.com\/es\/terminos-y-condiciones\/","title":{"rendered":"T\u00e9rminos y condiciones"},"content":{"rendered":"\t\t<div data-elementor-type=\"wp-page\" data-elementor-id=\"1890\" class=\"elementor elementor-1890 elementor-23\" data-elementor-post-type=\"page\">\n\t\t\t\t<div class=\"elementor-element elementor-element-254f7ecc e-flex e-con-boxed e-con e-parent\" data-id=\"254f7ecc\" data-element_type=\"container\">\n\t\t\t\t\t<div class=\"e-con-inner\">\n\t\t\t\t<div class=\"elementor-element elementor-element-c493fae elementor-widget elementor-widget-hub_fancy_heading\" data-id=\"c493fae\" data-element_type=\"widget\" data-widget_type=\"hub_fancy_heading.default\">\n\t\t\t\t<div class=\"elementor-widget-container\">\n\t\t\t\t\t\n\t\t<div id=\"ld-fancy-heading-69f0aeef7eb2a\" class=\"ld-fancy-heading pos-rel\">\n\t\t\t<h2 class=\"ld-fh-element d-inline-block pos-rel  elementor-heading-title lqd-highlight-classic lqd-highlight-grow-left h2\"  > Condiciones de uso de Kido Protect\n<\/h2>\t\t<\/div>\n\n\t\t\t\t\t\t<\/div>\n\t\t\t\t<\/div>\n\t\t\t\t\t<\/div>\n\t\t\t\t<\/div>\n\t\t<div class=\"elementor-element elementor-element-a8dda17 e-flex e-con-boxed e-con e-parent\" data-id=\"a8dda17\" data-element_type=\"container\">\n\t\t\t\t\t<div class=\"e-con-inner\">\n\t\t\t\t<div class=\"elementor-element elementor-element-41c362e elementor-widget elementor-widget-text-editor\" data-id=\"41c362e\" data-element_type=\"widget\" data-widget_type=\"text-editor.default\">\n\t\t\t\t<div class=\"elementor-widget-container\">\n\t\t\t\t\t\t\t\t\t<h5>Visi\u00f3n general<\/h5>\n<p>Los siguientes son los t\u00e9rminos de uso entre usted y Kido Protect. (\u00abKido Protect\u00bb, \u00abCompa\u00f1\u00eda\u00bb, \u00abnosotros\u00bb o \u00abnos\u00bb). Los siguientes t\u00e9rminos y condiciones, junto con cualquier pol\u00edtica incorporada por referencia (colectivamente, estos <strong>\u00abCondiciones de uso<\/strong>), regulan su acceso y uso de  <a href=\"https:\/\/www.KidoProtect.com\/\" target=\"_blank\" rel=\"noopener\">www.KidoProtect.com<\/a>todos sus subdominios y todos los dem\u00e1s sitios web o de propiedad, operados o mantenidos por Kido Protect y sus empresas afiliadas, incluyendo cualquier contenido y funcionalidad ofrecidos en ellos (colectivamente, el  <strong>\u00abKido Protect\u00bb<\/strong>). El t\u00e9rmino \u00abusted\u00bb, tal como se utiliza en estos T\u00e9rminos de uso, significa cualquier persona o entidad que acceda o utilice Kido Protect.<\/p>\n<p>Al acceder o usar Kido Protect, usted reconoce que ha le\u00eddo, comprende y acepta estar sujeto a estos t\u00e9rminos y cumplir con todas las leyes y regulaciones aplicables. Si no est\u00e1 de acuerdo con estos t\u00e9rminos, no utilice Kido Protect. Kido Protect puede, sin previo aviso, en cualquier momento, revisar estos T\u00e9rminos de uso y cualquier otra informaci\u00f3n contenida en Kido Protect. Kido Protect tambi\u00e9n puede realizar mejoras o cambios en los productos, servicios u otro contenido que se muestra en nuestro sitio web en cualquier momento sin previo aviso.<\/p>\n<p>Para evitar dudas, su uso de cualquier producto o servicio que haya seleccionado para recibir de Kido Protect, incluida la informaci\u00f3n de la cuenta y la administraci\u00f3n de la cuenta; y todas las compras a trav\u00e9s de nuestro sitio web u otras transacciones para la venta de productos o servicios realizadas a trav\u00e9s del sitio web se rigen por las leyes aplicables. <strong><a href=\"https:\/\/www.kidoprotect.com\/terms-of-sale\/\">Condiciones de venta<\/a><\/strong> . Estos T\u00e9rminos de uso son adicionales a dichos t\u00e9rminos que puedan aplicarse a usted. Cualquier conflicto entre estos T\u00e9rminos de uso y el Acuerdo de licencia y servicios o los T\u00e9rminos de venta ser\u00e1n reemplazados y regidos por el Acuerdo de licencia y servicios o los T\u00e9rminos de venta, u otros t\u00e9rminos aplicables, respectivamente (y \u00fanicamente seg\u00fan corresponda). Cualquier reclamo y disputa que surja bajo el Acuerdo de licencia y servicios o los T\u00e9rminos de venta estar\u00e1n sujetos \u00fanicamente a esos t\u00e9rminos y no a estos T\u00e9rminos de uso.<\/p>\n<p><strong>AVISO IMPORTANTE CON RESPECTO AL ARBITRAJE PARA RESIDENTES DE EE. UU.: CUANDO ACEPTA ESTOS T\u00c9RMINOS, ACEPTA RESOLVER TODAS LAS DISPUTAS CON KIDO PROTECT Y SUS FILIALES A TRAV\u00c9S DE TRIBUNALES DE RECLAMOS MENORES O A TRAV\u00c9S DE ARBITRAJE INDIVIDUAL EN LUGAR DE UN JUICIO CON JURADO. POR FAVOR REVISE LA SECCI\u00d3N 16 \u201cDISPUTAS; ARBITRAJE OBLIGATORIO \u201d, PARA LOS DETALLES RELATIVOS AL ARBITRAJE (INCLUYENDO EL PROCEDIMIENTO DE EXCLUSI\u00d3N DEL ARBITRAJE).<\/strong><\/p>\n<h5>1. Su intimidad<\/h5>\n<p>Su privacidad es importante para nosotros. Lea la Declaraci\u00f3n Global de Privacidad de Kido Protect <a href=\"https:\/\/www.kidoprotect.com\/privacy-policy\">\n  <strong>https:\/\/www.kidoprotect.com\/privacy-policy<\/strong>\n<\/a> que describe c\u00f3mo recopilamos, utilizamos, procesamos y protegemos sus datos y los de sus dispositivos cuando utiliza y accede a Kido Protect.<\/p>\n<h5>2. Acuerdo continuo<\/h5>\n<p>Podemos modificar los T\u00e9rminos de uso de vez en cuando. Cuando se realicen cambios, le notificaremos haciendo que la versi\u00f3n revisada est\u00e9 disponible en esta p\u00e1gina web e indicaremos en la parte superior de esta p\u00e1gina la fecha en que se realizaron las \u00faltimas revisiones. Debe volver a visitar estos T\u00e9rminos de uso con regularidad, ya que las versiones revisadas ser\u00e1n vinculantes para usted. <strong>En la mayor medida permitida por todas las leyes, reglas, regulaciones y requisitos aplicables (colectivamente, \u00abLeyes aplicables\u00bb), usted comprende y acepta que su acceso continuo o uso del sitio web y Kido protege despu\u00e9s de cualquier modificaci\u00f3n publicada a los T\u00e9rminos de uso. indica su aceptaci\u00f3n de las modificaciones.<\/strong><\/p>\n<h5>3. Derechos al contenido<\/h5>\n<p>Las p\u00e1ginas y el contenido de Kido Protect est\u00e1n sujetos a la protecci\u00f3n de las leyes de derechos de autor y marcas comerciales aplicables, y toda la informaci\u00f3n de derechos de autor, las marcas comerciales y los logotipos deben permanecer intactos. Kido Protect le otorga un permiso no exclusivo y limitado para acceder y mostrar las p\u00e1ginas de Kido Protect como cliente, proveedor o socio comercial actual o potencial de Kido Protect, o para fines de investigaci\u00f3n no comerciales, siempre que cumpla con estos T\u00e9rminos. de uso. Todos los dem\u00e1s usos del sitio web est\u00e1n prohibidos.<\/p>\n<p>Excepto por el permiso limitado en el p\u00e1rrafo anterior, Kido Protect no le otorga ning\u00fan derecho o licencia expl\u00edcitos o impl\u00edcitos bajo ninguna patente, marca registrada, derechos de autor u otros derechos de propiedad intelectual o de propiedad. No puede reflejar ni enmarcar ning\u00fan contenido de Kido Protect en otro sitio web o en cualquier otro medio. Cualquier software, servicio y otros materiales que est\u00e9n disponibles para su descarga, acceso u otro uso de Kido Protect con su propia licencia o t\u00e9rminos de uso se regir\u00e1n por dichos t\u00e9rminos, condiciones y avisos, incluidas las leyes de exportaci\u00f3n y reexportaci\u00f3n aplicables y regulaciones. Su incumplimiento de dichos t\u00e9rminos o cualquiera de los t\u00e9rminos de Kido Protect dar\u00e1 lugar a la terminaci\u00f3n autom\u00e1tica de cualquier derecho que se le haya otorgado, sin previo aviso, y debe destruir de inmediato todas las copias de los materiales descargados en su posesi\u00f3n, custodia o control. No puede usar, reproducir ni distribuir ning\u00fan material protegido por derechos de autor, marcas comerciales, logotipos, gr\u00e1ficos, sonidos, videos, im\u00e1genes u otro contenido patentado en Kido Protect sin el permiso expreso por escrito de Kido Protect.<\/p>\n<p>Para obtener m\u00e1s informaci\u00f3n, consulte las secciones sobre Kido Protect relativas a nuestra Pol\u00edtica de derechos de autor, Pautas de uso de marcas comerciales y Marcas de patentes virtuales. Si desea hacer alg\u00fan uso del material de Kido Protect prohibido por esta secci\u00f3n, puede solicitar permiso poni\u00e9ndose en contacto con contact@kidoprotect.com.<\/p>\n<h5>4.Marcas registradas<\/h5>\n<p>Kido Protect, el logotipo de Kido Protect y todos los nombres, logotipos, nombres de productos y servicios, dise\u00f1os y lemas relacionados son marcas comerciales de Kido Protect o sus filiales. No debe utilizar dichas marcas sin el permiso previo por escrito de Kido Protect.<\/p>\n<h5>5. Contribuciones del usuario<\/h5>\n<p>Ciertas partes de la aplicaci\u00f3n y el sitio web de Kido protect pueden contener tableros de anuncios, salas de chat, foros de usuarios, blogs o columnas de consejos ( <strong>\u00abServicios comunitarios\u00bb<\/strong> ) que permiten a los usuarios publicar, enviar, publicar, mostrar o transmitir a otros usuarios u otras personas. contenido o materiales (colectivamente, <strong>\u00abContribuciones del usuario\u00bb<\/strong> ) en oa trav\u00e9s del sitio web. Al proporcionar las Contribuciones del usuario en el sitio web, otorga a Kido Protect y a nuestras afiliadas y proveedores de servicios, y a cada uno de sus respectivos sucesores y asigna el derecho de usar, reproducir, modificar, ejecutar, mostrar, distribuir y divulgar a terceros. cualquier material de este tipo.<br>\nUsted reconoce y acepta que su conducta, y la forma y el contenido de las Contribuciones del usuario que publique o cargue en el sitio web, es de su exclusiva responsabilidad y cumplir\u00e1 con los siguientes est\u00e1ndares de contenido y cualquier otro t\u00e9rmino adicional publicado en relaci\u00f3n con los Servicios comunitarios. En consecuencia, acepta no:<\/p>\n<ul>\n<li>Cargar, publicar, enviar por correo electr\u00f3nico, transmitir o poner a disposici\u00f3n cualquier Contribuci\u00f3n del Usuario que sea ilegal, da\u00f1ina (incluidas las Contribuciones del Usuario que sean da\u00f1inas para la reputaci\u00f3n de Kido Protect), amenazante, abusiva, acosadora, perjudicial, difamatoria, vulgar, obscena, calumniosa, invasiva de la privacidad de otra persona, odiosa o censurable desde el punto de vista racial, \u00e9tnico o de cualquier otro modo.<\/li>\n<li>Utilizar los Servicios comunitarios en relaci\u00f3n con encuestas, concursos, esquemas piramidales, cartas en cadena, correo basura, spam o cualquier mensaje duplicado o no solicitado (comercial o de otro tipo).<\/li>\n<li>Hacerse pasar por cualquier persona o entidad.<\/li>\n<li>Violar los derechos legales de terceros, como por ejemplo infringiendo los derechos de propiedad intelectual de otros mediante la publicaci\u00f3n, carga o uso de Contribuciones de Usuario (incluyendo, sin limitaci\u00f3n, fotograf\u00edas o im\u00e1genes), y adem\u00e1s incluyendo, a modo de ejemplo, y no como limitaci\u00f3n, las leyes de derechos de autor o marcas registradas (o por derechos de privacidad o publicidad) o cualquier otro derecho de propiedad a menos que usted posea o controle los derechos correspondientes o haya recibido todo el consentimiento necesario para hacer lo mismo.<\/li>\n<li>Falsificar cabeceras de correo electr\u00f3nico o manipular de otro modo los identificadores con el fin de ocultar el origen de cualquier informaci\u00f3n transmitida a trav\u00e9s de los Servicios comunitarios.<\/li>\n<li>Utilizar los Servicios comunitarios para confeccionar listas de correo comerciales, pol\u00edticas o ben\u00e9ficas, o para facilitar la transmisi\u00f3n de spam, correo basura, cartas en cadena o contenidos obscenos o profanos.<\/li>\n<li>Publicar enlaces directos a archivos ejecutables (.exe) que no sean de un dominio de Kido Protect.<\/li>\n<li>Recoger o recopilar de cualquier otro modo informaci\u00f3n sobre otras personas, incluidas direcciones de correo electr\u00f3nico o \u00abphishing\u00bb para obtener informaci\u00f3n personal de otras personas.<\/li>\n<li>Utilizar, descargar o copiar de cualquier otro modo, o proporcionar (a t\u00edtulo oneroso o no) a una persona o entidad cualquier directorio de usuarios de los Servicios comunitarios u otra informaci\u00f3n de uso o de usuario o cualquier parte de la misma.<\/li>\n<li>Cargar archivos que contengan virus, troyanos, gusanos, bombas de relojer\u00eda, cancelbots, archivos corruptos o cualquier otro software o programa similar que pueda da\u00f1ar el funcionamiento del ordenador o la propiedad de terceros.<\/li>\n<li>Falsificar o eliminar cualquier informaci\u00f3n de gesti\u00f3n de derechos de autor, como atribuciones del autor, avisos legales u otros avisos apropiados o designaciones de propiedad o etiquetas del origen o fuente del software u otro material contenido en un archivo que se cargue.<\/li>\n<li>Restringir o impedir a cualquier otro usuario el uso y disfrute de los Servicios comunitarios.<\/li>\n<li>Crear varias cuentas en los Servicios comunitarios, o crear una identidad falsa con el fin de enga\u00f1ar a otros.<\/li>\n<li>Violar cualquier ley o normativa aplicable.<\/li>\n<li>Participar en charlas torticeras, acosar, amenazar a cualquier otra persona o adoptar cualquier otra conducta perturbadora en los Servicios Comunitarios.<\/li>\n<\/ul>\n<p>Aunque Kido Protect no tiene la obligaci\u00f3n de revisar o monitorear las Contribuciones del usuario, Kido Protect se reserva el derecho absoluto de hacerlo a su exclusivo criterio. Adem\u00e1s, Kido Protect se reserva el derecho de alterar, editar, negarse a publicar o eliminar cualquier Contribuci\u00f3n del usuario, en su totalidad o en parte, por cualquier motivo o sin motivo. Kido Protect tambi\u00e9n se reserva el derecho de cancelar su capacidad de utilizar los Servicios comunitarios si viola cualquiera de estos T\u00e9rminos de uso o nuestras pol\u00edticas, seg\u00fan lo determinemos a nuestro exclusivo criterio. Usted acepta que Kido Protect no tiene ninguna obligaci\u00f3n de usar o responder a las Contribuciones del usuario. Kido Protect no tiene control sobre si dichas Contribuciones del usuario son de una naturaleza que podr\u00eda resultarle ofensiva, de mal gusto o inaceptable y, en consecuencia, Kido Protect renuncia expresamente a cualquier responsabilidad por las Contribuciones del usuario.<\/p>\n<h5>6. Quejas de derechos de autor<\/h5>\n<p>Kido Protect mantiene una pol\u00edtica para responder a los avisos de supuestas infracciones de derechos de autor que cumplen con la Ley de derechos de autor del milenio digital (\u00abDMCA\u00bb). Si cree que alg\u00fan material accesible en o desde nuestro sitio web infringe sus derechos de autor, puede solicitar la eliminaci\u00f3n de esos materiales del sitio web comunic\u00e1ndose con Kido Protect en el formulario Cont\u00e1ctenos.<\/p>\n<h5>7. Descargo de responsabilidad por errores<\/h5>\n<p>De vez en cuando, Kido Protect puede contener imprecisiones t\u00e9cnicas u otros errores de contenido, y Kido Protect no garantiza la precisi\u00f3n de la informaci\u00f3n publicada. Para mitigar el riesgo de error, debe usar solo las p\u00e1ginas web m\u00e1s actualizadas y confirmar la exactitud e integridad de la informaci\u00f3n antes de usarla para tomar decisiones relacionadas con servicios, productos u otros asuntos descritos en Kido Protect.<\/p>\n<h5>8. Informaci\u00f3n confidencial y privacidad<\/h5>\n<p>Toda la informaci\u00f3n proporcionada en nuestras Aplicaciones o sitio web es totalmente confidencial, Kido Protect no utilizar\u00e1 ninguna de esta informaci\u00f3n para ning\u00fan prop\u00f3sito y no la compartir\u00e1 con ning\u00fan tercero.<\/p>\n<p>Tiene derecho a eliminar esta informaci\u00f3n con su cuenta en cualquier momento.<\/p>\n<h5>9. Disponibilidad de productos<\/h5>\n<p>Kido Protect puede contener referencias o referencias cruzadas a productos, servicios o programas de Kido Protect que no se anuncian o no est\u00e1n disponibles en su pa\u00eds o regi\u00f3n. Estas referencias no implican que Kido Protect tenga la intenci\u00f3n de anunciar o poner a disposici\u00f3n dichos productos, servicios o programas en su pa\u00eds o regi\u00f3n.<\/p>\n<h5>10. RENUNCIA DE GARANT\u00cdA<\/h5>\n<p>EL USO DE LA APLICACI\u00d3N O DEL SITIO WEB ES BAJO SU PROPIO RIESGO. TODOS LOS MATERIALES, INFORMACI\u00d3N, PRODUCTOS, SOFTWARE, PROGRAMAS Y SERVICIOS SE PROPORCIONAN \u00abTAL CUAL\u00bb, SIN GARANT\u00cdA DE NING\u00daN TIPO. KIDO PROTECT RENUNCIA EXPRESAMENTE EN LA M\u00c1XIMA MEDIDA PERMITIDA POR LA LEY, TODAS LAS GARANT\u00cdAS, GARANT\u00cdAS O REPRESENTACIONES EXPRESAS, IMPL\u00cdCITAS, ESTATUTARIAS Y DE OTRO TIPO, INCLUYENDO, SIN LIMITACI\u00d3N, LAS GARANT\u00cdAS DE COMERCIABILIDAD, IDONEIDAD Y PROP\u00d3SITO PARA UNA PARTICULARIDAD. DERECHOS DE PROPIEDAD INTELECTUAL. SIN LIMITACI\u00d3N, KIDO PROTECT NO GARANTIZA NI GARANTIZA QUE KIDO PROTECT SER\u00c1 ININTERRUMPIDO, OPORTUNO, SEGURO O LIBRE DE ERRORES. KIDO PROTECT NO ASUME NINGUNA RESPONSABILIDAD POR ERRORES U OMISIONES EN LA INFORMACI\u00d3N O SOFTWARE O DOCUMENTOS REFERENCIADOS O VINCULADOS A ESTE SITIO.<br>\nUSTED ENTIENDE Y ACEPTA QUE SI DESCARGA U OBTENGA MATERIALES, INFORMACI\u00d3N, PRODUCTOS, SOFTWARE, PROGRAMAS O SERVICIOS DE KIDO PROTECT, LO HACE BAJO SU PROPIA DISCRECI\u00d3N Y RIESGO Y QUE SER\u00c1 EL \u00daNICO RESPONSABLE DE CUALQUIER DA\u00d1O QUE PUEDA RESULTAR, INCLUYENDO P\u00c9RDIDA DE DATOS O DA\u00d1OS A SU SISTEMA DE COMPUTADORA. ALGUNAS JURISDICCIONES NO PERMITEN LA EXCLUSI\u00d3N DE GARANT\u00cdAS, POR LO QUE LAS EXCLUSIONES ANTERIORES PUEDEN NO APLICARSE EN SU CASO.<\/p>\n<h5>11. LIMITACI\u00d3N DE RESPONSABILIDAD<\/h5>\n<p>EN LA MEDIDA M\u00c1XIMA PERMITIDA POR LA LEY APLICABLE, EN NING\u00daN CASO KIDO PROTECT SER\u00c1 RESPONSABLE ANTE NINGUNA PARTE POR NING\u00daN DA\u00d1O DIRECTO, INDIRECTO, INCIDENTAL, ESPECIAL, EJEMPLAR O CONSECUENTE DE NING\u00daN TIPO, RELACIONADO O DERIVADO DEL USO DE KIDO PROTECT O PROTEGER, O DE CUALQUIER SITIO O RECURSO VINCULADO A, REFERENCIADO O ACCESO A TRAV\u00c9S DE KIDO PROTECT, O PARA EL USO O DESCARGA O ACCESO A CUALQUIER MATERIAL, INFORMACI\u00d3N, PRODUCTOS O SERVICIOS, INCLUYENDO, SIN LIMITACI\u00d3N, CUALQUIER P\u00c9RDIDA DE BENEFICIOS, INTERRUPCI\u00d3N COMERCIAL, P\u00c9RDIDA DE AHORROS O P\u00c9RDIDA DE PROGRAMAS U OTROS DATOS, INCLUSO SI KIDO PROTECT EST\u00c1 EXPRESAMENTE INFORMADO DE LA POSIBILIDAD DE TALES DA\u00d1OS. ESTA EXCLUSI\u00d3N Y RENUNCIA DE RESPONSABILIDAD SE APLICA A TODAS LAS CAUSAS DE ACCI\u00d3N, YA SEAN BASADAS EN CONTRATO, GARANT\u00cdA, AGRAVIO O CUALQUIER OTRA TEOR\u00cdA LEGAL.<\/p>\n<h5>12. Controversias; Arbitraje obligatorio.<\/h5>\n<p>La mayor\u00eda de los desacuerdos pueden resolverse de manera informal y eficaz poni\u00e9ndose en contacto con nuestro Servicio de Atenci\u00f3n al Afiliado en <strong>\n  <a href=\"https:\/\/www.kidoprotect.com\/contact-us\/\">https:\/\/www.kidoprotect.com\/contact-us\/<\/a>\n<\/strong>.<\/p>\n<h5>13. Acuerdo completo y ley aplicable<\/h5>\n<p>Salvo que se requiera lo contrario en el presente o por ley, estos t\u00e9rminos se rigen por las leyes de los Emiratos \u00c1rabes Unidos. Si la autoridad judicial competente determina que alguno de los t\u00e9rminos de estos T\u00e9rminos de uso es inaplicable en cualquier aspecto, la validez del resto de estos T\u00e9rminos de uso no se ver\u00e1 afectada, siempre que dicha inaplicabilidad no afecte materialmente los derechos de las partes en virtud de estos T\u00e9rminos. de uso.<\/p>\t\t\t\t\t\t\t\t<\/div>\n\t\t\t\t<\/div>\n\t\t\t\t\t<\/div>\n\t\t\t\t<\/div>\n\t\t\t\t<\/div>\n\t\t","protected":false},"excerpt":{"rendered":"<p>Condiciones de uso de Kido Protect Visi\u00f3n general Los siguientes son los t\u00e9rminos de uso entre usted y Kido Protect. (\u00abKido Protect\u00bb, \u00abCompa\u00f1\u00eda\u00bb, \u00abnosotros\u00bb o \u00abnos\u00bb). Los siguientes t\u00e9rminos y condiciones, junto con cualquier pol\u00edtica incorporada por referencia (colectivamente, estos \u00abCondiciones de uso), regulan su acceso y uso de www.KidoProtect.comtodos sus subdominios y todos los [&hellip;]<\/p>\n","protected":false},"author":1,"featured_media":0,"parent":0,"menu_order":0,"comment_status":"closed","ping_status":"closed","template":"","meta":{"_monsterinsights_skip_tracking":false,"_monsterinsights_sitenote_active":false,"_monsterinsights_sitenote_note":"","_monsterinsights_sitenote_category":0,"footnotes":""},"class_list":["post-1890","page","type-page","status-publish","hentry"],"_links":{"self":[{"href":"https:\/\/www.kidoprotect.com\/es\/wp-json\/wp\/v2\/pages\/1890","targetHints":{"allow":["GET"]}}],"collection":[{"href":"https:\/\/www.kidoprotect.com\/es\/wp-json\/wp\/v2\/pages"}],"about":[{"href":"https:\/\/www.kidoprotect.com\/es\/wp-json\/wp\/v2\/types\/page"}],"author":[{"embeddable":true,"href":"https:\/\/www.kidoprotect.com\/es\/wp-json\/wp\/v2\/users\/1"}],"replies":[{"embeddable":true,"href":"https:\/\/www.kidoprotect.com\/es\/wp-json\/wp\/v2\/comments?post=1890"}],"version-history":[{"count":13,"href":"https:\/\/www.kidoprotect.com\/es\/wp-json\/wp\/v2\/pages\/1890\/revisions"}],"predecessor-version":[{"id":27147,"href":"https:\/\/www.kidoprotect.com\/es\/wp-json\/wp\/v2\/pages\/1890\/revisions\/27147"}],"wp:attachment":[{"href":"https:\/\/www.kidoprotect.com\/es\/wp-json\/wp\/v2\/media?parent=1890"}],"curies":[{"name":"wp","href":"https:\/\/api.w.org\/{rel}","templated":true}]}}