{"id":1880,"date":"2021-10-12T10:25:24","date_gmt":"2021-10-12T10:25:24","guid":{"rendered":"https:\/\/www.kidoprotect.com\/hogar\/"},"modified":"2022-12-19T15:53:15","modified_gmt":"2022-12-19T15:53:15","slug":"hogar","status":"publish","type":"page","link":"https:\/\/www.kidoprotect.com\/es\/hogar\/","title":{"rendered":"Inicio"},"content":{"rendered":"<h1>La mejor aplicaci\u00f3n de control parental de Android para ni\u00f1os, satisfacci\u00f3n garantizada.<\/h1>\n<p class=\"small\">Informes en tiempo real, una amplia lista de funciones \u00fatiles (monitoreo de tiempo de pantalla, monitoreo de aplicaciones, monitoreo de redes sociales, filtrado de Internet y web, monitoreo de llamadas y SMS, ubicaci\u00f3n y geofencing, funci\u00f3n SOS, administraci\u00f3n de tareas, monitoreo de YouTube, registrador de teclas, grabaci\u00f3n de pantalla, detecci\u00f3n de desnudos y mucho m\u00e1s &#8230;), con un control total de los dispositivos de su hijo.<\/p>\n<p class=\"medium\">Tenga m\u00e1s seguridad sobre la seguridad y el bienestar de su hijo en Internet.<br \/>Su seguridad y bienestar es nuestro objetivo. <strong>Nos hacemos cargo de la seguridad en l\u00ednea de su hijo. Todas sus preocupaciones parentales bajo un mismo paraguas.<\/strong><\/p>\n","protected":false},"excerpt":{"rendered":"<p>La mejor aplicaci\u00f3n de control parental de Android para ni\u00f1os, satisfacci\u00f3n garantizada. Informes en tiempo real, una amplia lista de funciones \u00fatiles (monitoreo de tiempo de pantalla, monitoreo de aplicaciones, monitoreo de redes sociales, filtrado de Internet y web, monitoreo de llamadas y SMS, ubicaci\u00f3n y geofencing, funci\u00f3n SOS, administraci\u00f3n de tareas, monitoreo de YouTube, [&hellip;]<\/p>\n","protected":false},"author":1,"featured_media":3191,"parent":0,"menu_order":0,"comment_status":"closed","ping_status":"closed","template":"","meta":{"_monsterinsights_skip_tracking":false,"_monsterinsights_sitenote_active":false,"_monsterinsights_sitenote_note":"","_monsterinsights_sitenote_category":0,"footnotes":""},"class_list":["post-1880","page","type-page","status-publish","has-post-thumbnail","hentry"],"_links":{"self":[{"href":"https:\/\/www.kidoprotect.com\/es\/wp-json\/wp\/v2\/pages\/1880","targetHints":{"allow":["GET"]}}],"collection":[{"href":"https:\/\/www.kidoprotect.com\/es\/wp-json\/wp\/v2\/pages"}],"about":[{"href":"https:\/\/www.kidoprotect.com\/es\/wp-json\/wp\/v2\/types\/page"}],"author":[{"embeddable":true,"href":"https:\/\/www.kidoprotect.com\/es\/wp-json\/wp\/v2\/users\/1"}],"replies":[{"embeddable":true,"href":"https:\/\/www.kidoprotect.com\/es\/wp-json\/wp\/v2\/comments?post=1880"}],"version-history":[{"count":11,"href":"https:\/\/www.kidoprotect.com\/es\/wp-json\/wp\/v2\/pages\/1880\/revisions"}],"predecessor-version":[{"id":4509,"href":"https:\/\/www.kidoprotect.com\/es\/wp-json\/wp\/v2\/pages\/1880\/revisions\/4509"}],"wp:featuredmedia":[{"embeddable":true,"href":"https:\/\/www.kidoprotect.com\/es\/wp-json\/wp\/v2\/media\/3191"}],"wp:attachment":[{"href":"https:\/\/www.kidoprotect.com\/es\/wp-json\/wp\/v2\/media?parent=1880"}],"curies":[{"name":"wp","href":"https:\/\/api.w.org\/{rel}","templated":true}]}}